{"id":12,"date":"2017-10-06T20:00:11","date_gmt":"2017-10-06T18:00:11","guid":{"rendered":"http:\/\/aurorayoga.at\/wordpress\/?page_id=12"},"modified":"2020-03-10T15:11:24","modified_gmt":"2020-03-10T14:11:24","slug":"imprint","status":"publish","type":"page","link":"https:\/\/aurorayoga.at\/de\/imprint\/","title":{"rendered":"Imprint"},"content":{"rendered":"<p><strong>Anschrift<\/strong><br \/>\nAurora Yoga<br \/>\nNatali Hann<br \/>\nAnfrage<\/p>\n<p><strong>Kontakt<\/strong><br \/>\n<a title=\"Reveal email address\" href=\"https:\/\/encodemymail.com\/emails\/t_qLqLFVY2fPVx4TtSLh6oai3cLdxqw8Vhkt2ibVkF-4maIeA9f9qR5aHkJ5icT3x_E\/check?d=YXVyb3JheW9nYS5hdA\" target=\"_blank\" rel=\"noopener noreferrer\">*****<\/a>@aurorayoga.at<\/p>\n<p><strong>Bankverbindung<\/strong><br \/>\nAnfrage<\/p>\n<p>Steuer-Nr: 06234\/0112<\/p>\n<p>Fotos: Michael Kunov, Sascha Zascek. Jakob Unterdorfer, Valerie Elkeheli, Natali Hann<\/p>\n<p>Kamera: Marcel Lehmann<\/p>\n<p>Nutzung der Bilder und Inhalte<br \/>\nDie verwendeten Bilder auf www.aurorayoga.com sind Eigentum von Natali Hann\u00a0 (au\u00dfer anders gekennzeichnet). Die Verwendung der Bilder ist nur nach Absprache m\u00f6glich.<br \/>\nNach Absprache m\u00fcssen Bilder mit dem Copyright \u201aAurorayoga\u2018 gekennzeichnet werden.<\/p>\n<p>Die gezeigten Inhalte sind urheberrechtlich gesch\u00fctzt und d\u00fcrfen nicht ohne die ausdr\u00fcckliche Zustimmung des Autors, in jeglicher Weise verwendet werden!<\/p>\n<p>Quelle:\u00a0<a href=\"http:\/\/www.urheberrecht.org\/law\/normen\/rstv\/RStV-13\/text\/2010_06.php3\">www.urheberrecht.org<\/a><\/p>\n<p>Webdesign &amp; Development:\u00a0<a href=\"https:\/\/www.gansrigler.com\/\" target=\"_blank\" rel=\"noopener noreferrer\">Sebastian Gansrigler<\/a><\/p>\n","protected":false},"excerpt":{"rendered":"<p>Anschrift Aurora Yoga Natali Hann Anfrage Kontakt *****@aurorayoga.at Bankverbindung Anfrage Steuer-Nr: 06234\/0112 Fotos: Michael Kunov, Sascha Zascek. Jakob Unterdorfer, Valerie Elkeheli, Natali Hann Kamera: Marcel Lehmann Nutzung der Bilder und Inhalte Die verwendeten Bilder auf www.aurorayoga.com sind Eigentum von Natali Hann\u00a0 (au\u00dfer anders gekennzeichnet). Die Verwendung der Bilder ist nur nach Absprache m\u00f6glich. Nach Absprache [&hellip;]<\/p>\n","protected":false},"author":1,"featured_media":0,"parent":0,"menu_order":5,"comment_status":"closed","ping_status":"closed","template":"","meta":{"_acf_changed":false,"footnotes":""},"class_list":["post-12","page","type-page","status-publish","hentry"],"translation":{"provider":"WPGlobus","version":"3.0.2","language":"de","enabled_languages":["en","de"],"languages":{"en":{"title":true,"content":true,"excerpt":false},"de":{"title":false,"content":false,"excerpt":false}}},"acf":[],"yoast_head":"<!-- This site is optimized with the Yoast SEO plugin v27.4 - https:\/\/yoast.com\/product\/yoast-seo-wordpress\/ -->\n<title>Imprint - Aurora Yoga<\/title>\n<meta name=\"robots\" content=\"index, follow, max-snippet:-1, max-image-preview:large, max-video-preview:-1\" \/>\n<link rel=\"canonical\" href=\"https:\/\/aurorayoga.at\/imprint\/\" \/>\n<meta property=\"og:locale\" content=\"de_DE\" \/>\n<meta property=\"og:type\" content=\"article\" \/>\n<meta property=\"og:title\" content=\"Imprint - Aurora Yoga\" \/>\n<meta property=\"og:url\" content=\"https:\/\/aurorayoga.at\/imprint\/\" \/>\n<meta property=\"og:site_name\" content=\"Aurora Yoga\" \/>\n<meta property=\"article:modified_time\" content=\"2020-03-10T14:11:24+00:00\" \/>\n<meta name=\"twitter:card\" content=\"summary_large_image\" \/>\n<meta name=\"twitter:label1\" content=\"Gesch\u00e4tzte Lesezeit\" \/>\n\t<meta name=\"twitter:data1\" content=\"1\u00a0Minute\" \/>\n<script type=\"application\/ld+json\" class=\"yoast-schema-graph\">{\"@context\":\"https:\\\/\\\/schema.org\",\"@graph\":[{\"@type\":\"WebPage\",\"@id\":\"https:\\\/\\\/aurorayoga.at\\\/imprint\\\/\",\"url\":\"https:\\\/\\\/aurorayoga.at\\\/imprint\\\/\",\"name\":\"Imprint - Aurora Yoga\",\"isPartOf\":{\"@id\":\"https:\\\/\\\/aurorayoga.at\\\/#website\"},\"datePublished\":\"2017-10-06T18:00:11+00:00\",\"dateModified\":\"2020-03-10T14:11:24+00:00\",\"breadcrumb\":{\"@id\":\"https:\\\/\\\/aurorayoga.at\\\/imprint\\\/#breadcrumb\"},\"inLanguage\":\"de\",\"potentialAction\":[{\"@type\":\"ReadAction\",\"target\":[\"https:\\\/\\\/aurorayoga.at\\\/imprint\\\/\"]}]},{\"@type\":\"BreadcrumbList\",\"@id\":\"https:\\\/\\\/aurorayoga.at\\\/imprint\\\/#breadcrumb\",\"itemListElement\":[{\"@type\":\"ListItem\",\"position\":1,\"name\":\"Startseite\",\"item\":\"https:\\\/\\\/aurorayoga.at\\\/\"},{\"@type\":\"ListItem\",\"position\":2,\"name\":\"Imprint\"}]},{\"@type\":\"WebSite\",\"@id\":\"https:\\\/\\\/aurorayoga.at\\\/#website\",\"url\":\"https:\\\/\\\/aurorayoga.at\\\/\",\"name\":\"Aurora Yoga\",\"description\":\"Aurora Yoga\",\"publisher\":{\"@id\":\"https:\\\/\\\/aurorayoga.at\\\/#organization\"},\"potentialAction\":[{\"@type\":\"SearchAction\",\"target\":{\"@type\":\"EntryPoint\",\"urlTemplate\":\"https:\\\/\\\/aurorayoga.at\\\/?s={search_term_string}\"},\"query-input\":{\"@type\":\"PropertyValueSpecification\",\"valueRequired\":true,\"valueName\":\"search_term_string\"}}],\"inLanguage\":\"de\"},{\"@type\":\"Organization\",\"@id\":\"https:\\\/\\\/aurorayoga.at\\\/#organization\",\"name\":\"Aurora Yoga\",\"url\":\"https:\\\/\\\/aurorayoga.at\\\/\",\"logo\":{\"@type\":\"ImageObject\",\"inLanguage\":\"de\",\"@id\":\"https:\\\/\\\/aurorayoga.at\\\/#\\\/schema\\\/logo\\\/image\\\/\",\"url\":\"https:\\\/\\\/aurorayoga.at\\\/wp-content\\\/uploads\\\/2018\\\/06\\\/Aurorayogawhit.png\",\"contentUrl\":\"https:\\\/\\\/aurorayoga.at\\\/wp-content\\\/uploads\\\/2018\\\/06\\\/Aurorayogawhit.png\",\"width\":2480,\"height\":3508,\"caption\":\"Aurora Yoga\"},\"image\":{\"@id\":\"https:\\\/\\\/aurorayoga.at\\\/#\\\/schema\\\/logo\\\/image\\\/\"}}]}<\/script>\n<!-- \/ Yoast SEO plugin. -->","yoast_head_json":{"title":"Imprint - Aurora Yoga","robots":{"index":"index","follow":"follow","max-snippet":"max-snippet:-1","max-image-preview":"max-image-preview:large","max-video-preview":"max-video-preview:-1"},"canonical":"https:\/\/aurorayoga.at\/imprint\/","og_locale":"de_DE","og_type":"article","og_title":"Imprint - Aurora Yoga","og_url":"https:\/\/aurorayoga.at\/imprint\/","og_site_name":"Aurora Yoga","article_modified_time":"2020-03-10T14:11:24+00:00","twitter_card":"summary_large_image","twitter_misc":{"Gesch\u00e4tzte Lesezeit":"1\u00a0Minute"},"schema":{"@context":"https:\/\/schema.org","@graph":[{"@type":"WebPage","@id":"https:\/\/aurorayoga.at\/imprint\/","url":"https:\/\/aurorayoga.at\/imprint\/","name":"Imprint - Aurora Yoga","isPartOf":{"@id":"https:\/\/aurorayoga.at\/#website"},"datePublished":"2017-10-06T18:00:11+00:00","dateModified":"2020-03-10T14:11:24+00:00","breadcrumb":{"@id":"https:\/\/aurorayoga.at\/imprint\/#breadcrumb"},"inLanguage":"de","potentialAction":[{"@type":"ReadAction","target":["https:\/\/aurorayoga.at\/imprint\/"]}]},{"@type":"BreadcrumbList","@id":"https:\/\/aurorayoga.at\/imprint\/#breadcrumb","itemListElement":[{"@type":"ListItem","position":1,"name":"Startseite","item":"https:\/\/aurorayoga.at\/"},{"@type":"ListItem","position":2,"name":"Imprint"}]},{"@type":"WebSite","@id":"https:\/\/aurorayoga.at\/#website","url":"https:\/\/aurorayoga.at\/","name":"Aurora Yoga","description":"Aurora Yoga","publisher":{"@id":"https:\/\/aurorayoga.at\/#organization"},"potentialAction":[{"@type":"SearchAction","target":{"@type":"EntryPoint","urlTemplate":"https:\/\/aurorayoga.at\/?s={search_term_string}"},"query-input":{"@type":"PropertyValueSpecification","valueRequired":true,"valueName":"search_term_string"}}],"inLanguage":"de"},{"@type":"Organization","@id":"https:\/\/aurorayoga.at\/#organization","name":"Aurora Yoga","url":"https:\/\/aurorayoga.at\/","logo":{"@type":"ImageObject","inLanguage":"de","@id":"https:\/\/aurorayoga.at\/#\/schema\/logo\/image\/","url":"https:\/\/aurorayoga.at\/wp-content\/uploads\/2018\/06\/Aurorayogawhit.png","contentUrl":"https:\/\/aurorayoga.at\/wp-content\/uploads\/2018\/06\/Aurorayogawhit.png","width":2480,"height":3508,"caption":"Aurora Yoga"},"image":{"@id":"https:\/\/aurorayoga.at\/#\/schema\/logo\/image\/"}}]}},"_links":{"self":[{"href":"https:\/\/aurorayoga.at\/de\/wp-json\/wp\/v2\/pages\/12","targetHints":{"allow":["GET"]}}],"collection":[{"href":"https:\/\/aurorayoga.at\/de\/wp-json\/wp\/v2\/pages"}],"about":[{"href":"https:\/\/aurorayoga.at\/de\/wp-json\/wp\/v2\/types\/page"}],"author":[{"embeddable":true,"href":"https:\/\/aurorayoga.at\/de\/wp-json\/wp\/v2\/users\/1"}],"replies":[{"embeddable":true,"href":"https:\/\/aurorayoga.at\/de\/wp-json\/wp\/v2\/comments?post=12"}],"version-history":[{"count":21,"href":"https:\/\/aurorayoga.at\/de\/wp-json\/wp\/v2\/pages\/12\/revisions"}],"predecessor-version":[{"id":1799,"href":"https:\/\/aurorayoga.at\/de\/wp-json\/wp\/v2\/pages\/12\/revisions\/1799"}],"wp:attachment":[{"href":"https:\/\/aurorayoga.at\/de\/wp-json\/wp\/v2\/media?parent=12"}],"curies":[{"name":"wp","href":"https:\/\/api.w.org\/{rel}","templated":true}]}}