{"id":1566,"date":"2019-03-14T17:06:01","date_gmt":"2019-03-14T16:06:01","guid":{"rendered":"http:\/\/aurorayoga.at\/?page_id=1566"},"modified":"2020-04-30T22:15:48","modified_gmt":"2020-04-30T20:15:48","slug":"datenschutzerklaerung","status":"publish","type":"page","link":"https:\/\/aurorayoga.at\/de\/datenschutzerklaerung\/","title":{"rendered":"Datenschutzerkl\u00e4rung"},"content":{"rendered":"<p class=\"p1\"><span class=\"s1\"><b>DATENSCHUTZ ERKL\u00c4ERUNG<\/b><\/span><\/p>\n<p class=\"p3\"><span class=\"s1\"><b>1. ALLGEMEINES<\/b><\/span><\/p>\n<p class=\"p4\"><span class=\"s1\">Der Schutz Deiner pers\u00f6nlichen Daten ist uns ein besonderes Anliegen. Wir verarbeiten Deine Daten daher ausschlie\u00dflich auf Grundlage der gesetzlichen Bestimmungen (DSGVO,\u00a0TKG\u00a02003). In diesen Datenschutzinformationen informieren wir Dich \u00fcber die wichtigsten Aspekte der Datenverarbeitung im Rahmen unserer Website.<\/span><\/p>\n<p class=\"p4\"><span class=\"s1\">Wenn Du per Formular auf der Website oder per E-Mail Kontakt mit AuroraYoga aufnimmst, werden Deine angegebenen Daten zwecks Bearbeitung der Anfrage und f\u00fcr den Fall von Anschlussfragen maximal 1 Monat bei AuroraYoga gespeichert. Diese Daten geben wir nicht ohne Deine Einwilligung weiter.<\/span><\/p>\n<p class=\"p4\"><span class=\"s1\">Mittels dieser Datenschutzerkl\u00e4rung m\u00f6chte unser Unternehmen die \u00d6ffentlichkeit \u00fcber Art, Umfang und Zweck der von uns erhobenen, genutzten und verarbeiteten personenbezogenen Daten informieren. Ferner werden betroffene Personen mittels dieser Datenschutzerkl\u00e4rung \u00fcber die ihnen zustehenden Rechte aufgekl\u00e4rt.<\/span><\/p>\n<p class=\"p3\"><span class=\"s1\">Aurora Yoga hat als f\u00fcr die Verarbeitung Verantwortlicher zahlreiche technische und organisatorische Ma\u00dfnahmen umgesetzt, um einen m\u00f6glichst l\u00fcckenlosen Schutz der \u00fcber diese Internetseite verarbeiteten personenbezogenen Daten sicherzustellen. Dennoch k\u00f6nnen Internetbasierte Daten\u00fcbertragungen grunds\u00e4tzlich Sicherheitsl\u00fccken aufweisen, sodass ein absoluter Schutz nicht gew\u00e4hrleistet werden kann. Aus diesem Grund steht es jeder betroffenen Person frei, personenbezogene Daten auch auf alternativen Wegen, beispielsweise telefonisch, an uns zu \u00fcbermitteln.<\/span><\/p>\n<ol class=\"ol1\">\n<li style=\"list-style-type: none;\">\n<ol class=\"ol1\">\n<li class=\"li3\"><span class=\"s1\">Die Verwendung von personenbezogenen Daten, richtet sich nach den geltenden gesetzlichen Bestimmungen sowie der durch den Nutzer erteilten Einwilligung zur Verwendung seiner Daten.<\/span><\/li>\n<li class=\"li3\"><span class=\"s1\"><span class=\"s1\"><br \/>\n1.2.\u00dcber Aurora Yoga k\u00f6nnen diverse Dienstleistungen im Bereich Sport- und Freizeitgestaltung und Produkte (gemeinsam das \u2018Sportangebot\u2019) gebucht, reserviert oder gekauft werden. Die Sportangebote werden von AuroraYoga im Eigenvertrieb erbracht. Vertragsgegenstand ist die Nutzung der Dienstleistungen von Yoga (\u2018die Dienstleistung\u2019). Die Inanspruchnahme der Dienstleistungen von Aurorayoga erfolgt durch Nutzer (der \u2018Nutzer\u2019).<br \/>\n1.3. Aurora Yoga ist sich bewusst, das der Schutz und der sorgf\u00e4ltige Umgang mit den personenbezogenen Daten des Nutzers sehr wichtig sind. Da der Datenschutz bei Aurora Yoga einen gro\u00dfen Stellenwert einnimmt, h\u00e4lt sich AuroraYoga bei der Verwendung dieser Daten streng an die in \u00d6sterreich geltenden gesetzlichen Bestimmungen (TKG).<br \/>\n1.4. Der Nutzer ist angehalten, die Allgemeinen Gesch\u00e4ftsbedingungen (AGB) von AuroraYoga betreffend des Vertragsgegenstandes, der Pflichten des Nutzers, Haftungsbeschr\u00e4nkungen und zahlreicher anderer wichtigen Informationen auf der Website von Aurorayoga unter der (<span class=\"s2\">www.a<\/span>urorayoga.at\u00a0) zu besuchen.<\/span><\/span>2. ERHEBUNG VON DATEN<br \/>\n2.1. AuroraYoga und speichert jegliche Informationen die der Nutzer auf der Eversports Plattform (\u2018Eversports\u2019) angibt und die im Zuge einer Online-Buchung AuroraYoga \u00fcbermittelt werden oder der Nutzer Aurorayoga auf jegliche andere Art zum Beispiel vor Ort zur Verf\u00fcgung stellt. Aurorayoga verwendet die personenbezogenen Daten des Nutzers soweit dies gesetzlich erlaubt ist und im \u00dcbrigen nur mit der Einwilligung des Nutzers. Soweit die Einwilligung im Rahmen einer Onlinebuchung \u00fcber Eversports elektronisch erkl\u00e4rt wird, tr\u00e4gt Eversports den gesetzlichen Hinweispflichten Rechnung und protokolliert diese Einwilligung durch geeignete technische Systeme.<br \/>\n2.2. Aurorayoga verwendet folgende personenbezogenen Daten des Nutzers: Namen, E-Mail, Adresse, Telefonnummer, Geschlecht, Geburtsdatum, Profilbilder, Wohnsitz, Buchungsdaten, vorhandene Produkte,..<\/p>\n<p>3. ZWECK DER DATENVERWENDUNG<br \/>\n3.1. Wir verarbeiten Ihre Daten im Rahmen der Vertragserf\u00fcllung zu folgenden Zwecken:<br \/>\na) Zur Durchf\u00fchrung von Reservierungen und Speicherung von offenen Produkten.<br \/>\nb) Zur Erstellung von Rechnungen.<br \/>\nc) Zur Erstellung einer Buchungshistorie.<br \/>\nSie k\u00f6nnen Widerruf gegen diese Datenverarbeitungen einlegen. Ein Widerruf hat zur Folge, dass wir Ihre Daten ab diesem Zeitpunkt zu oben genannten Zweck nicht mehr verarbeiten. Es gilt zu beachten, dass die AuroraYoga &#8211; Dienste bei einem Widerruf nicht weiter genutzt werden k\u00f6nnen und eine L\u00f6schung der AuroraYoga<span class=\"Apple-converted-space\">\u00a0 <\/span>&#8211; Profils erfolgen muss. F\u00fcr einen Widerruf wenden Sie sich bitte an office@aurorayoga.at<br \/>\n3.2. Wenn Sie unseren Newsletter abonniert haben, verarbeiten wir Ihre Daten zur Zusendung unseres Newsletters. Das Abo des Newsletters k\u00f6nnen Sie jederzeit direkt per Link \u00fcber die<br \/>\noder per E-Mail an: office@aurorayoga.at stornieren.<br \/>\n3.3. Wir speichern Ihre Daten f\u00fcr die Dauer des Vertragsverh\u00e4ltnisses. Standardm\u00e4\u00dfig werden Aurorayoga Studio-Profile inklusive der vom Nutzer angegebenen Profildaten bei Inaktivit\u00e4t und ohne g\u00fcltiges Produkt (zB. 10er Block, Abo, etc.) 5 Jahre nach der letzten Buchung gel\u00f6scht. Daten, die sich auf einer Rechnung befinden bzw. zur Rechnungserstellung notwendig sind, werden aufgrund der gesetzlichen Aufbewahrungsfrist l\u00e4nger aufbewahrt. Nach Ablauf der Aufbewahrungsfrist werden auch diese Daten gel\u00f6scht.<\/p>\n<p><b>4. DATENSICHERHEIT<\/b><br \/>\n4.1. Personenbezogene Daten sind aus Gr\u00fcnden der Datensicherheit in einem geschlossenen System (Eversports) gespeichert und mit einem Passwort .<br \/>\n4.2 Eversports ist Auftragsdatenverarbeiter von und hat angemessene Ma\u00dfnahmen zur Gew\u00e4hrleistung der Datensicherheit ergriffen (siehe dazu:\u00a0<a href=\"https:\/\/www.eversports.at\/h\/security\">www.eversports.at\/h\/security<\/a>).<br \/>\n4.3 Wird AuroraYoga bekannt, dass Daten des Nutzers systematisch und schwerwiegend unrechtm\u00e4\u00dfig verwendet wurden und dem Nutzer dadurch Schaden droht, wird AuroraYoga den Nutzer unverz\u00fcglich dar\u00fcber informieren.<br \/>\nDie Webseite enth\u00e4lt Links zu anderen Dienstleistungen oder Webseiten. ist nicht f\u00fcr die Datenschutzbestimmungen und\/oder Verfahren anderer<br \/>\nWebseiten verantwortlich. Wenn der Nutzer dem Link zu einer anderen Webseite folgt, ist der Nutzer alleine daf\u00fcr verantwortlich, sich mit den Datenschutzbestimmungen dieser anderen Webseite vertraut zu machen. Die Datenschutzbestimmungen von AuroraYoga beschr\u00e4nken sich lediglich auf Informationen, die von Aurorayoga<\/li>\n<li class=\"li3\"><span class=\"s1\"><span class=\"s1\">verarbeitet werden.<br \/>\n4.5 AuroraYoga zieht f\u00fcr diese Datenverarbeitung neben Eversports weitere Auftragsverarbeiter heran. Wir geben Ihre Daten an folgende weitere Empf\u00e4nger bzw. Empf\u00e4ngerkategorien weiter:<br \/>\n-Softwareprovider zur Abwicklung von Buchungen, Verwaltung von Produkten, Registrierkasse, \u2026<br \/>\n-Kommunikations-Tools f\u00fcr die Kundenkommunikation<br \/>\n-Externe Hostingsprovider zur Datenspeicherung<br \/>\nIhre Daten werden innerhalb der EU bzw. des EWR verarbeitet. Das angemessene Schutzniveau ergibt sich aus einem Angemessenheitsbeschluss der Europ\u00e4ischen Kommission nach Art 45 DSGVO.<\/span><\/span><b>5. EINSATZ VON COOKIES<\/b><br \/>\nUm den Besuch unserer Website attraktiv zu gestalten und die Nutzung bestimmter Funktionen zu erm\u00f6glichen, verwenden wir auf verschiedenen Seiten sogenannte Cookies. Hierbei handelt es sich um kleine Textdateien, die auf Ihrem Endger\u00e4t abgelegt werden. Einige der von uns verwendeten Cookies werden nach dem Ende der Browser-Sitzung, also nach Schlie\u00dfen Ihres Browsers, wieder gel\u00f6scht (sog. Sitzungs-Cookies). Andere Cookies verbleiben auf Ihrem Endger\u00e4t und erm\u00f6glichen uns oder unseren Partnerunternehmen, Ihren Browser beim n\u00e4chsten Besuch wiederzuerkennen (persistente Cookies). Sie k\u00f6nnen Ihren Browser so einstellen, dass Sie \u00fcber das Setzen von Cookies informiert werden und einzeln \u00fcber deren Annahme entscheiden oder die Annahme von Cookies f\u00fcr bestimmte F\u00e4lle oder generell ausschlie\u00dfen. Bei der Nichtannahme von Cookies kann die Funktionalit\u00e4t unserer Website eingeschr\u00e4nkt sein.<\/p>\n<p>6. GOOGLE ANALYTICS<br \/>\nDiese Website nutzt Funktionen des Webanalysedienstes Google Analytics. Anbieter ist die Google Inc., 1600 Amphitheatre Parkway Mountain View, CA 94043, USA. Google (Universal) Analytics verwendet Methoden, die eine Analyse der Benutzung der Website durch Sie erm\u00f6glichen, wie zum Beispiel sog. \u201eCookies\u201c, Textdateien, die auf Ihrem Computer gespeichert werden.<br \/>\nWir haben mit Google einen Vertrag zur . Mehr Informationen zum Umgang mit Nutzerdaten bei Google Analytics finden Sie in der Datenschutzerkl\u00e4rung von<br \/>\nGoogle:\u00a0<a href=\"https:\/\/support.google.com\/analytics\/answer\/6004245?hl=de\">support.google.com\/analytics\/answer\/6004245?hl=de<\/a><br \/>\nSie k\u00f6nnen die Erfassung der durch das Cookie erzeugten und auf Ihre Nutzung der Website bezogenen Daten (inkl. Ihrer IP-Adresse) an Google sowie die Verarbeitung dieser Daten durch Google verhindern, indem Sie das unter dem folgenden Link verf\u00fcgbare Browser- Plugin herunterladen und installieren:\u00a0<a href=\"https:\/\/developers.google.com\/analytics\/devguides\/collection\/gajs\/?hl=de#disable\">developers.google.com\/analytics\/devguides\/collection\/gajs\/?hl=de#disable<\/a>\u00a0. Alternativ zum Browser-Plugin k\u00f6nnen Sie\u00a0<a href=\"https:\/\/developers.google.com\/analytics\/devguides\/coll%20ection\/gajs\/?hl=de#disable\">developers.google.com\/analytics\/devguides\/coll ection\/gajs\/?hl=de#disable<\/a>\u00a0klicken, um die Erfassung durch Google Analytics auf dieser Website zuk\u00fcnftig zu verhindern. Dabei wird ein Opt-Out-Cookie auf Ihrem Endger\u00e4t abgelegt. L\u00f6schen Sie Ihre Cookies, m\u00fcssen Sie den Link erneut klicken.<br \/>\nWir nutzen die Funktion &#8222;Aktivierung der IP-Anonymisierung&#8220; auf dieser Webseite. Dadurch wird Ihre IP-Adresse von Google innerhalb von Mitgliedstaaten der Europ\u00e4ischen Union oder in anderen Vertragsstaaten des Abkommens \u00fcber den Europ\u00e4ischen Wirtschaftsraum zuvor gek\u00fcrzt. Nur in Ausnahmef\u00e4llen wird die volle IP-Adresse an einen Server von Google in den USA \u00fcbertragen und dort gek\u00fcrzt. Die im Rahmen von Google Analytics von Ihrem Browser \u00fcbermittelte IP-Adresse wird nicht mit anderen Daten von Google zusammengef\u00fchrt.<br \/>\nIm Auftrag des Betreibers dieser Website wird Google diese Informationen benutzen, um Ihre Nutzung der Website auszuwerten, um Reports \u00fcber die Websiteaktivit\u00e4ten zusammenzustellen und um weitere mit der Websitenutzung und der Internetnutzung verbundene Dienstleistungen gegen\u00fcber dem Websitebetreiber zu erbringen. Wir verarbeiten diese Daten in unserem berechtigten Interesse, die Rechtsgrundlage f\u00fcr den Einsatz von Google Analytics ist Art. 6 Abs. 1 lit. f DSGVO.<\/p>\n<p>7. ZUSTIMMUNGSERKL\u00c4RUNG ZU DEN DATENSCHUTZBESTIMMUNGEN<br \/>\nDurch das Setzen des H\u00e4kchens im Zuge einer Onlinebuchung bei Eversports best\u00e4tigt der Nutzer, dass er die Datenschutzbestimmungen von AuroraYoga gelesen hat. Bei einer vor- Ort-Buchung best\u00e4tigt der Nutzer durch Unterschrift der Datenschutzbestimmungen vor Ort, dass er die Datenschutzbestimmungen von AuroraYoga gelesen hat. Der Nutzer nimmt zur Kenntnis, dass die in Punkt 2.2 genannten personenbezogenen Daten zu den in Punkt 3.1 genannten Zwecken verwendet werden.<\/li>\n<\/ol>\n<\/li>\n<\/ol>\n<p class=\"p4\"><span class=\"s1\"><b>Kontaktdaten:<\/b><\/span><\/p>\n<p class=\"p4\"><span class=\"s1\">Aurora Yoga, 1170 Wien, \u00d6sterreich, Wien<br \/>\nOffice@aurorayoga.at<\/span><\/p>\n","protected":false},"excerpt":{"rendered":"<p>DATENSCHUTZ ERKL\u00c4ERUNG 1. ALLGEMEINES Der Schutz Deiner pers\u00f6nlichen Daten ist uns ein besonderes Anliegen. Wir verarbeiten Deine Daten daher ausschlie\u00dflich auf Grundlage der gesetzlichen Bestimmungen (DSGVO,\u00a0TKG\u00a02003). In diesen Datenschutzinformationen informieren wir Dich \u00fcber die wichtigsten Aspekte der Datenverarbeitung im Rahmen unserer Website. Wenn Du per Formular auf der Website oder per E-Mail Kontakt mit AuroraYoga [&hellip;]<\/p>\n","protected":false},"author":2,"featured_media":0,"parent":0,"menu_order":0,"comment_status":"closed","ping_status":"closed","template":"","meta":{"_acf_changed":false,"footnotes":""},"class_list":["post-1566","page","type-page","status-publish","hentry"],"translation":{"provider":"WPGlobus","version":"3.0.2","language":"de","enabled_languages":["en","de"],"languages":{"en":{"title":true,"content":true,"excerpt":false},"de":{"title":false,"content":false,"excerpt":false}}},"acf":[],"yoast_head":"<!-- This site is optimized with the Yoast SEO plugin v27.4 - https:\/\/yoast.com\/product\/yoast-seo-wordpress\/ -->\n<title>Datenschutzerkl\u00e4rung - Aurora Yoga<\/title>\n<meta name=\"robots\" content=\"index, follow, max-snippet:-1, max-image-preview:large, max-video-preview:-1\" \/>\n<link rel=\"canonical\" href=\"https:\/\/aurorayoga.at\/datenschutzerklaerung\/\" \/>\n<meta property=\"og:locale\" content=\"de_DE\" \/>\n<meta property=\"og:type\" content=\"article\" \/>\n<meta property=\"og:title\" content=\"Datenschutzerkl\u00e4rung - Aurora Yoga\" \/>\n<meta property=\"og:url\" content=\"https:\/\/aurorayoga.at\/datenschutzerklaerung\/\" \/>\n<meta property=\"og:site_name\" content=\"Aurora Yoga\" \/>\n<meta property=\"article:modified_time\" content=\"2020-04-30T20:15:48+00:00\" \/>\n<meta name=\"twitter:card\" content=\"summary_large_image\" \/>\n<meta name=\"twitter:label1\" content=\"Gesch\u00e4tzte Lesezeit\" \/>\n\t<meta name=\"twitter:data1\" content=\"7\u00a0Minuten\" \/>\n<script type=\"application\/ld+json\" class=\"yoast-schema-graph\">{\"@context\":\"https:\\\/\\\/schema.org\",\"@graph\":[{\"@type\":\"WebPage\",\"@id\":\"https:\\\/\\\/aurorayoga.at\\\/datenschutzerklaerung\\\/\",\"url\":\"https:\\\/\\\/aurorayoga.at\\\/datenschutzerklaerung\\\/\",\"name\":\"Datenschutzerkl\u00e4rung - Aurora Yoga\",\"isPartOf\":{\"@id\":\"https:\\\/\\\/aurorayoga.at\\\/#website\"},\"datePublished\":\"2019-03-14T16:06:01+00:00\",\"dateModified\":\"2020-04-30T20:15:48+00:00\",\"breadcrumb\":{\"@id\":\"https:\\\/\\\/aurorayoga.at\\\/datenschutzerklaerung\\\/#breadcrumb\"},\"inLanguage\":\"de\",\"potentialAction\":[{\"@type\":\"ReadAction\",\"target\":[\"https:\\\/\\\/aurorayoga.at\\\/datenschutzerklaerung\\\/\"]}]},{\"@type\":\"BreadcrumbList\",\"@id\":\"https:\\\/\\\/aurorayoga.at\\\/datenschutzerklaerung\\\/#breadcrumb\",\"itemListElement\":[{\"@type\":\"ListItem\",\"position\":1,\"name\":\"Startseite\",\"item\":\"https:\\\/\\\/aurorayoga.at\\\/\"},{\"@type\":\"ListItem\",\"position\":2,\"name\":\"Datenschutzerkl\u00e4rung\"}]},{\"@type\":\"WebSite\",\"@id\":\"https:\\\/\\\/aurorayoga.at\\\/#website\",\"url\":\"https:\\\/\\\/aurorayoga.at\\\/\",\"name\":\"Aurora Yoga\",\"description\":\"Aurora Yoga\",\"publisher\":{\"@id\":\"https:\\\/\\\/aurorayoga.at\\\/#organization\"},\"potentialAction\":[{\"@type\":\"SearchAction\",\"target\":{\"@type\":\"EntryPoint\",\"urlTemplate\":\"https:\\\/\\\/aurorayoga.at\\\/?s={search_term_string}\"},\"query-input\":{\"@type\":\"PropertyValueSpecification\",\"valueRequired\":true,\"valueName\":\"search_term_string\"}}],\"inLanguage\":\"de\"},{\"@type\":\"Organization\",\"@id\":\"https:\\\/\\\/aurorayoga.at\\\/#organization\",\"name\":\"Aurora Yoga\",\"url\":\"https:\\\/\\\/aurorayoga.at\\\/\",\"logo\":{\"@type\":\"ImageObject\",\"inLanguage\":\"de\",\"@id\":\"https:\\\/\\\/aurorayoga.at\\\/#\\\/schema\\\/logo\\\/image\\\/\",\"url\":\"https:\\\/\\\/aurorayoga.at\\\/wp-content\\\/uploads\\\/2018\\\/06\\\/Aurorayogawhit.png\",\"contentUrl\":\"https:\\\/\\\/aurorayoga.at\\\/wp-content\\\/uploads\\\/2018\\\/06\\\/Aurorayogawhit.png\",\"width\":2480,\"height\":3508,\"caption\":\"Aurora Yoga\"},\"image\":{\"@id\":\"https:\\\/\\\/aurorayoga.at\\\/#\\\/schema\\\/logo\\\/image\\\/\"}}]}<\/script>\n<!-- \/ Yoast SEO plugin. -->","yoast_head_json":{"title":"Datenschutzerkl\u00e4rung - Aurora Yoga","robots":{"index":"index","follow":"follow","max-snippet":"max-snippet:-1","max-image-preview":"max-image-preview:large","max-video-preview":"max-video-preview:-1"},"canonical":"https:\/\/aurorayoga.at\/datenschutzerklaerung\/","og_locale":"de_DE","og_type":"article","og_title":"Datenschutzerkl\u00e4rung - Aurora Yoga","og_url":"https:\/\/aurorayoga.at\/datenschutzerklaerung\/","og_site_name":"Aurora Yoga","article_modified_time":"2020-04-30T20:15:48+00:00","twitter_card":"summary_large_image","twitter_misc":{"Gesch\u00e4tzte Lesezeit":"7\u00a0Minuten"},"schema":{"@context":"https:\/\/schema.org","@graph":[{"@type":"WebPage","@id":"https:\/\/aurorayoga.at\/datenschutzerklaerung\/","url":"https:\/\/aurorayoga.at\/datenschutzerklaerung\/","name":"Datenschutzerkl\u00e4rung - Aurora Yoga","isPartOf":{"@id":"https:\/\/aurorayoga.at\/#website"},"datePublished":"2019-03-14T16:06:01+00:00","dateModified":"2020-04-30T20:15:48+00:00","breadcrumb":{"@id":"https:\/\/aurorayoga.at\/datenschutzerklaerung\/#breadcrumb"},"inLanguage":"de","potentialAction":[{"@type":"ReadAction","target":["https:\/\/aurorayoga.at\/datenschutzerklaerung\/"]}]},{"@type":"BreadcrumbList","@id":"https:\/\/aurorayoga.at\/datenschutzerklaerung\/#breadcrumb","itemListElement":[{"@type":"ListItem","position":1,"name":"Startseite","item":"https:\/\/aurorayoga.at\/"},{"@type":"ListItem","position":2,"name":"Datenschutzerkl\u00e4rung"}]},{"@type":"WebSite","@id":"https:\/\/aurorayoga.at\/#website","url":"https:\/\/aurorayoga.at\/","name":"Aurora Yoga","description":"Aurora Yoga","publisher":{"@id":"https:\/\/aurorayoga.at\/#organization"},"potentialAction":[{"@type":"SearchAction","target":{"@type":"EntryPoint","urlTemplate":"https:\/\/aurorayoga.at\/?s={search_term_string}"},"query-input":{"@type":"PropertyValueSpecification","valueRequired":true,"valueName":"search_term_string"}}],"inLanguage":"de"},{"@type":"Organization","@id":"https:\/\/aurorayoga.at\/#organization","name":"Aurora Yoga","url":"https:\/\/aurorayoga.at\/","logo":{"@type":"ImageObject","inLanguage":"de","@id":"https:\/\/aurorayoga.at\/#\/schema\/logo\/image\/","url":"https:\/\/aurorayoga.at\/wp-content\/uploads\/2018\/06\/Aurorayogawhit.png","contentUrl":"https:\/\/aurorayoga.at\/wp-content\/uploads\/2018\/06\/Aurorayogawhit.png","width":2480,"height":3508,"caption":"Aurora Yoga"},"image":{"@id":"https:\/\/aurorayoga.at\/#\/schema\/logo\/image\/"}}]}},"_links":{"self":[{"href":"https:\/\/aurorayoga.at\/de\/wp-json\/wp\/v2\/pages\/1566","targetHints":{"allow":["GET"]}}],"collection":[{"href":"https:\/\/aurorayoga.at\/de\/wp-json\/wp\/v2\/pages"}],"about":[{"href":"https:\/\/aurorayoga.at\/de\/wp-json\/wp\/v2\/types\/page"}],"author":[{"embeddable":true,"href":"https:\/\/aurorayoga.at\/de\/wp-json\/wp\/v2\/users\/2"}],"replies":[{"embeddable":true,"href":"https:\/\/aurorayoga.at\/de\/wp-json\/wp\/v2\/comments?post=1566"}],"version-history":[{"count":5,"href":"https:\/\/aurorayoga.at\/de\/wp-json\/wp\/v2\/pages\/1566\/revisions"}],"predecessor-version":[{"id":1903,"href":"https:\/\/aurorayoga.at\/de\/wp-json\/wp\/v2\/pages\/1566\/revisions\/1903"}],"wp:attachment":[{"href":"https:\/\/aurorayoga.at\/de\/wp-json\/wp\/v2\/media?parent=1566"}],"curies":[{"name":"wp","href":"https:\/\/api.w.org\/{rel}","templated":true}]}}