{"id":18,"date":"2017-10-06T20:02:54","date_gmt":"2017-10-06T18:02:54","guid":{"rendered":"http:\/\/aurorayoga.at\/wordpress\/?page_id=18"},"modified":"2026-01-13T10:26:23","modified_gmt":"2026-01-13T09:26:23","slug":"mentoring","status":"publish","type":"page","link":"https:\/\/aurorayoga.at\/de\/yoga\/mentoring\/","title":{"rendered":"Mentoring"},"content":{"rendered":"<div class=\"event_right\">\n<div class=\"event_right\">\n<div id=\"comp-kxxcr7g1\" class=\"BaOVQ8 tz5f0K comp-kxxcr7g1\" data-testid=\"richTextElement\">\n<div class=\"event_right\"><strong>ONLINE PROGRAM &#8211; THE VISIBLE YOGI METHOD\u00a0<\/strong><\/div>\n<\/div>\n<\/div>\n<\/div>\n<p>ist ein 3-monatiges High-Touch-Mentorship-Coaching.<\/p>\n<p class=\"ql-align-center\">In diesem Mentorship Programm teile ich meine Yoga-Erfahrungen, die ich im Laufe der Jahre gesammelt habe und unterst\u00fctze Yogalehrer\/innen dabei, mehr Traum kund:innen, Traumums\u00e4tze und mehr Impact auf dieser Welt zu kreieren.fernab von Studio Hustle, Limitierungen und Einschr\u00e4nkungen.<\/p>\n<p class=\"_04xlpA direction-ltr align-start para-style-body\"><span class=\"WdYUQQ text-decoration-none text-strikethrough-none\">Deine Yogakarriere, welche dir nachhaltig Freiheit und Flexibilit\u00e4t (Beyond the Studio) bietet.<\/span><\/p>\n<p class=\"_04xlpA direction-ltr align-start para-style-body\"><span class=\"WdYUQQ text-decoration-none text-strikethrough-none\">The Visible Yogi Method \u2013 In 12 Wochen zur Klarheit f\u00fcr die Yogalehrer:in, die voll und ganz in ihr Dharma eintaucht, um Traum kund:innen, Traumums\u00e4tze und Impact auf dieser Welt kreiert.<\/span><\/p>\n<p class=\"_04xlpA direction-ltr align-start para-style-body\"><span class=\"WdYUQQ text-decoration-none text-strikethrough-none\">Stell dir vor<\/span><\/p>\n<ul>\n<li><span class=\"WdYUQQ text-decoration-none text-strikethrough-none\">Wie du ein Authentisches Business aufbaust, welches dir nachhaltig Freiheit und Flexibilit\u00e4t (Beyond the Studio) bietet.<\/span><\/li>\n<li><span class=\"WdYUQQ text-decoration-none text-strikethrough-none\">Du St\u00e4rkst dein Selbstvertrauen, sodass du deine gr\u00f6\u00dften Ziele auch wirklich erreichen kannst.<\/span><\/li>\n<li><span class=\"WdYUQQ text-decoration-none text-strikethrough-none\">Du kennst deinen Wert und den deiner Angebote.<\/span><\/li>\n<\/ul>\n<p class=\"_04xlpA direction-ltr align-start para-style-body\"><span class=\"WdYUQQ text-decoration-none text-strikethrough-none\">VYM bietet Raum f\u00fcr Austausch von Yogalehrerinnen, die sich gegenseitig unterst\u00fctzen, Brainstorming und die gemeinsame Erfolge feiern. VYM \u00f6ffnet im September wieder die T\u00fcren f\u00fcr 9 Tage! Werde Teil und ergattere dir einen der limitierten Pl\u00e4tze. Trage dich jetzt auf die Warteliste ein.<\/span><\/p>\n<p class=\"_04xlpA direction-ltr align-start para-style-body\"><span class=\"WdYUQQ text-decoration-none text-strikethrough-none\">Erfahre wie du\u2026<\/span><\/p>\n<p class=\"_04xlpA direction-ltr align-start para-style-body\"><span class=\"WdYUQQ text-decoration-none text-strikethrough-none\">\u2026als Yogalehrer:in nachhaltig Geld verdienen kannst<\/span><\/p>\n<p class=\"_04xlpA direction-ltr align-start para-style-body\"><span class=\"WdYUQQ text-decoration-none text-strikethrough-none\">..in den f\u00fcr dich passenden Yogastudios angestellt wirst<\/span><\/p>\n<p class=\"_04xlpA direction-ltr align-start para-style-body\"><span class=\"WdYUQQ text-decoration-none text-strikethrough-none\">\u2026das Selbstvertrauen aufbaust, das du brauchst, um in der professionellen Yogawelt erfolgreich zu sein und durch authentisches Auftreten das anziehst was du ausstrahlst<\/span><\/p>\n<p class=\"_04xlpA direction-ltr align-start para-style-body\"><span class=\"WdYUQQ text-decoration-none text-strikethrough-none\">\u2026deine einzigartige &#8222;Stimme&#8220; als Lehrer:in entdeckst und nutzt<\/span><\/p>\n<p class=\"_04xlpA direction-ltr align-start para-style-body\"><span class=\"WdYUQQ text-decoration-none text-strikethrough-none\">\u2026deine Arbeit und dein Privatleben in Einklang bringst<\/span><\/p>\n<p class=\"_04xlpA direction-ltr align-start para-style-body\"><span class=\"WdYUQQ text-decoration-none text-strikethrough-none\">\u2026deine eigene Website erstellen kannst<\/span><\/p>\n<p class=\"_04xlpA direction-ltr align-start para-style-body\"><span class=\"WdYUQQ text-decoration-none text-strikethrough-none\">\u2026effektives und einfaches Marketingmaterial erstellst<\/span><\/p>\n<p class=\"_04xlpA direction-ltr align-start para-style-body\"><span class=\"WdYUQQ text-decoration-none text-strikethrough-none\">Das Coaching ist<\/span> <span class=\"WdYUQQ text-decoration-none text-strikethrough-none\">mit Handouts, Vorlagen, Bonusvideos und vielem mehr ausgestattet, um dich auf deinem Weg zu unterst\u00fctzen. Buche deinen unverbindlichen Info Call oder schreibe mir gerne eine E-Mail an hello@aurorayoga.at schicken.<\/span><\/p>\n<p class=\"_04xlpA direction-ltr align-start para-style-body\"><span class=\"WdYUQQ text-decoration-none text-strikethrough-none\">Ich freue mich darauf, von deinen Erfolgen im Yoga Soul Business zu h\u00f6ren,<\/span><\/p>\n<p>Ein Programm, das dir 1:1-Unterst\u00fctzung bietet, damit du deine spezifischen Ziele auf eine Weise erreichst.<\/p>\n<p><a class=\"button_link\" href=\"https:\/\/visibleyogimethod.teachable.com\/p\/visibleyogimethod\" target=\"_blank\" rel=\"noopener\"><button class=\"button\" type=\"button\">MEHR INFOS<\/button><\/a><\/p>\n<div class=\"event_right\"><\/div>\n","protected":false},"excerpt":{"rendered":"<p>ONLINE PROGRAM &#8211; THE VISIBLE YOGI METHOD\u00a0 ist ein 3-monatiges High-Touch-Mentorship-Coaching. In diesem Mentorship Programm teile ich meine Yoga-Erfahrungen, die ich im Laufe der Jahre gesammelt habe und unterst\u00fctze Yogalehrer\/innen dabei, mehr Traum kund:innen, Traumums\u00e4tze und mehr Impact auf dieser Welt zu kreieren.fernab von Studio Hustle, Limitierungen und Einschr\u00e4nkungen. Deine Yogakarriere, welche dir nachhaltig Freiheit [&hellip;]<\/p>\n","protected":false},"author":1,"featured_media":2394,"parent":8,"menu_order":0,"comment_status":"closed","ping_status":"closed","template":"","meta":{"_acf_changed":false,"footnotes":""},"class_list":["post-18","page","type-page","status-publish","has-post-thumbnail","hentry"],"translation":{"provider":"WPGlobus","version":"3.0.2","language":"de","enabled_languages":["en","de"],"languages":{"en":{"title":true,"content":true,"excerpt":false},"de":{"title":true,"content":true,"excerpt":false}}},"acf":[],"yoast_head":"<!-- This site is optimized with the Yoast SEO plugin v27.4 - https:\/\/yoast.com\/product\/yoast-seo-wordpress\/ -->\n<title>Mentoring - Aurora Yoga<\/title>\n<meta name=\"robots\" content=\"index, follow, max-snippet:-1, max-image-preview:large, max-video-preview:-1\" \/>\n<link rel=\"canonical\" href=\"https:\/\/aurorayoga.at\/yoga\/mentoring\/\" \/>\n<meta property=\"og:locale\" content=\"de_DE\" \/>\n<meta property=\"og:type\" content=\"article\" \/>\n<meta property=\"og:title\" content=\"Mentoring - Aurora Yoga\" \/>\n<meta property=\"og:url\" content=\"https:\/\/aurorayoga.at\/yoga\/mentoring\/\" \/>\n<meta property=\"og:site_name\" content=\"Aurora Yoga\" \/>\n<meta property=\"article:modified_time\" content=\"2026-01-13T09:26:23+00:00\" \/>\n<meta property=\"og:image\" content=\"https:\/\/aurorayoga.at\/wp-content\/uploads\/2022\/03\/A1A8221.jpg\" \/>\n\t<meta property=\"og:image:width\" content=\"1024\" \/>\n\t<meta property=\"og:image:height\" content=\"683\" \/>\n\t<meta property=\"og:image:type\" content=\"image\/jpeg\" \/>\n<meta name=\"twitter:card\" content=\"summary_large_image\" \/>\n<meta name=\"twitter:label1\" content=\"Gesch\u00e4tzte Lesezeit\" \/>\n\t<meta name=\"twitter:data1\" content=\"2\u00a0Minuten\" \/>\n<script type=\"application\/ld+json\" class=\"yoast-schema-graph\">{\"@context\":\"https:\\\/\\\/schema.org\",\"@graph\":[{\"@type\":\"WebPage\",\"@id\":\"https:\\\/\\\/aurorayoga.at\\\/yoga\\\/mentoring\\\/\",\"url\":\"https:\\\/\\\/aurorayoga.at\\\/yoga\\\/mentoring\\\/\",\"name\":\"Mentoring - Aurora Yoga\",\"isPartOf\":{\"@id\":\"https:\\\/\\\/aurorayoga.at\\\/#website\"},\"primaryImageOfPage\":{\"@id\":\"https:\\\/\\\/aurorayoga.at\\\/yoga\\\/mentoring\\\/#primaryimage\"},\"image\":{\"@id\":\"https:\\\/\\\/aurorayoga.at\\\/yoga\\\/mentoring\\\/#primaryimage\"},\"thumbnailUrl\":\"https:\\\/\\\/aurorayoga.at\\\/wp-content\\\/uploads\\\/2022\\\/03\\\/A1A8221.jpg\",\"datePublished\":\"2017-10-06T18:02:54+00:00\",\"dateModified\":\"2026-01-13T09:26:23+00:00\",\"breadcrumb\":{\"@id\":\"https:\\\/\\\/aurorayoga.at\\\/yoga\\\/mentoring\\\/#breadcrumb\"},\"inLanguage\":\"de\",\"potentialAction\":[{\"@type\":\"ReadAction\",\"target\":[\"https:\\\/\\\/aurorayoga.at\\\/yoga\\\/mentoring\\\/\"]}]},{\"@type\":\"ImageObject\",\"inLanguage\":\"de\",\"@id\":\"https:\\\/\\\/aurorayoga.at\\\/yoga\\\/mentoring\\\/#primaryimage\",\"url\":\"https:\\\/\\\/aurorayoga.at\\\/wp-content\\\/uploads\\\/2022\\\/03\\\/A1A8221.jpg\",\"contentUrl\":\"https:\\\/\\\/aurorayoga.at\\\/wp-content\\\/uploads\\\/2022\\\/03\\\/A1A8221.jpg\",\"width\":5760,\"height\":3840},{\"@type\":\"BreadcrumbList\",\"@id\":\"https:\\\/\\\/aurorayoga.at\\\/yoga\\\/mentoring\\\/#breadcrumb\",\"itemListElement\":[{\"@type\":\"ListItem\",\"position\":1,\"name\":\"Startseite\",\"item\":\"https:\\\/\\\/aurorayoga.at\\\/\"},{\"@type\":\"ListItem\",\"position\":2,\"name\":\"Yoga in Wien\",\"item\":\"https:\\\/\\\/aurorayoga.at\\\/yoga\\\/\"},{\"@type\":\"ListItem\",\"position\":3,\"name\":\"Mentoring\"}]},{\"@type\":\"WebSite\",\"@id\":\"https:\\\/\\\/aurorayoga.at\\\/#website\",\"url\":\"https:\\\/\\\/aurorayoga.at\\\/\",\"name\":\"Aurora Yoga\",\"description\":\"Aurora Yoga\",\"publisher\":{\"@id\":\"https:\\\/\\\/aurorayoga.at\\\/#organization\"},\"potentialAction\":[{\"@type\":\"SearchAction\",\"target\":{\"@type\":\"EntryPoint\",\"urlTemplate\":\"https:\\\/\\\/aurorayoga.at\\\/?s={search_term_string}\"},\"query-input\":{\"@type\":\"PropertyValueSpecification\",\"valueRequired\":true,\"valueName\":\"search_term_string\"}}],\"inLanguage\":\"de\"},{\"@type\":\"Organization\",\"@id\":\"https:\\\/\\\/aurorayoga.at\\\/#organization\",\"name\":\"Aurora Yoga\",\"url\":\"https:\\\/\\\/aurorayoga.at\\\/\",\"logo\":{\"@type\":\"ImageObject\",\"inLanguage\":\"de\",\"@id\":\"https:\\\/\\\/aurorayoga.at\\\/#\\\/schema\\\/logo\\\/image\\\/\",\"url\":\"https:\\\/\\\/aurorayoga.at\\\/wp-content\\\/uploads\\\/2018\\\/06\\\/Aurorayogawhit.png\",\"contentUrl\":\"https:\\\/\\\/aurorayoga.at\\\/wp-content\\\/uploads\\\/2018\\\/06\\\/Aurorayogawhit.png\",\"width\":2480,\"height\":3508,\"caption\":\"Aurora Yoga\"},\"image\":{\"@id\":\"https:\\\/\\\/aurorayoga.at\\\/#\\\/schema\\\/logo\\\/image\\\/\"}}]}<\/script>\n<!-- \/ Yoast SEO plugin. -->","yoast_head_json":{"title":"Mentoring - Aurora Yoga","robots":{"index":"index","follow":"follow","max-snippet":"max-snippet:-1","max-image-preview":"max-image-preview:large","max-video-preview":"max-video-preview:-1"},"canonical":"https:\/\/aurorayoga.at\/yoga\/mentoring\/","og_locale":"de_DE","og_type":"article","og_title":"Mentoring - Aurora Yoga","og_url":"https:\/\/aurorayoga.at\/yoga\/mentoring\/","og_site_name":"Aurora Yoga","article_modified_time":"2026-01-13T09:26:23+00:00","og_image":[{"url":"https:\/\/aurorayoga.at\/wp-content\/uploads\/2022\/03\/A1A8221.jpg","width":1024,"height":683,"type":"image\/jpeg"}],"twitter_card":"summary_large_image","twitter_misc":{"Gesch\u00e4tzte Lesezeit":"2\u00a0Minuten"},"schema":{"@context":"https:\/\/schema.org","@graph":[{"@type":"WebPage","@id":"https:\/\/aurorayoga.at\/yoga\/mentoring\/","url":"https:\/\/aurorayoga.at\/yoga\/mentoring\/","name":"Mentoring - Aurora Yoga","isPartOf":{"@id":"https:\/\/aurorayoga.at\/#website"},"primaryImageOfPage":{"@id":"https:\/\/aurorayoga.at\/yoga\/mentoring\/#primaryimage"},"image":{"@id":"https:\/\/aurorayoga.at\/yoga\/mentoring\/#primaryimage"},"thumbnailUrl":"https:\/\/aurorayoga.at\/wp-content\/uploads\/2022\/03\/A1A8221.jpg","datePublished":"2017-10-06T18:02:54+00:00","dateModified":"2026-01-13T09:26:23+00:00","breadcrumb":{"@id":"https:\/\/aurorayoga.at\/yoga\/mentoring\/#breadcrumb"},"inLanguage":"de","potentialAction":[{"@type":"ReadAction","target":["https:\/\/aurorayoga.at\/yoga\/mentoring\/"]}]},{"@type":"ImageObject","inLanguage":"de","@id":"https:\/\/aurorayoga.at\/yoga\/mentoring\/#primaryimage","url":"https:\/\/aurorayoga.at\/wp-content\/uploads\/2022\/03\/A1A8221.jpg","contentUrl":"https:\/\/aurorayoga.at\/wp-content\/uploads\/2022\/03\/A1A8221.jpg","width":5760,"height":3840},{"@type":"BreadcrumbList","@id":"https:\/\/aurorayoga.at\/yoga\/mentoring\/#breadcrumb","itemListElement":[{"@type":"ListItem","position":1,"name":"Startseite","item":"https:\/\/aurorayoga.at\/"},{"@type":"ListItem","position":2,"name":"Yoga in Wien","item":"https:\/\/aurorayoga.at\/yoga\/"},{"@type":"ListItem","position":3,"name":"Mentoring"}]},{"@type":"WebSite","@id":"https:\/\/aurorayoga.at\/#website","url":"https:\/\/aurorayoga.at\/","name":"Aurora Yoga","description":"Aurora Yoga","publisher":{"@id":"https:\/\/aurorayoga.at\/#organization"},"potentialAction":[{"@type":"SearchAction","target":{"@type":"EntryPoint","urlTemplate":"https:\/\/aurorayoga.at\/?s={search_term_string}"},"query-input":{"@type":"PropertyValueSpecification","valueRequired":true,"valueName":"search_term_string"}}],"inLanguage":"de"},{"@type":"Organization","@id":"https:\/\/aurorayoga.at\/#organization","name":"Aurora Yoga","url":"https:\/\/aurorayoga.at\/","logo":{"@type":"ImageObject","inLanguage":"de","@id":"https:\/\/aurorayoga.at\/#\/schema\/logo\/image\/","url":"https:\/\/aurorayoga.at\/wp-content\/uploads\/2018\/06\/Aurorayogawhit.png","contentUrl":"https:\/\/aurorayoga.at\/wp-content\/uploads\/2018\/06\/Aurorayogawhit.png","width":2480,"height":3508,"caption":"Aurora Yoga"},"image":{"@id":"https:\/\/aurorayoga.at\/#\/schema\/logo\/image\/"}}]}},"_links":{"self":[{"href":"https:\/\/aurorayoga.at\/de\/wp-json\/wp\/v2\/pages\/18","targetHints":{"allow":["GET"]}}],"collection":[{"href":"https:\/\/aurorayoga.at\/de\/wp-json\/wp\/v2\/pages"}],"about":[{"href":"https:\/\/aurorayoga.at\/de\/wp-json\/wp\/v2\/types\/page"}],"author":[{"embeddable":true,"href":"https:\/\/aurorayoga.at\/de\/wp-json\/wp\/v2\/users\/1"}],"replies":[{"embeddable":true,"href":"https:\/\/aurorayoga.at\/de\/wp-json\/wp\/v2\/comments?post=18"}],"version-history":[{"count":90,"href":"https:\/\/aurorayoga.at\/de\/wp-json\/wp\/v2\/pages\/18\/revisions"}],"predecessor-version":[{"id":3154,"href":"https:\/\/aurorayoga.at\/de\/wp-json\/wp\/v2\/pages\/18\/revisions\/3154"}],"up":[{"embeddable":true,"href":"https:\/\/aurorayoga.at\/de\/wp-json\/wp\/v2\/pages\/8"}],"wp:featuredmedia":[{"embeddable":true,"href":"https:\/\/aurorayoga.at\/de\/wp-json\/wp\/v2\/media\/2394"}],"wp:attachment":[{"href":"https:\/\/aurorayoga.at\/de\/wp-json\/wp\/v2\/media?parent=18"}],"curies":[{"name":"wp","href":"https:\/\/api.w.org\/{rel}","templated":true}]}}