{"id":352,"date":"2018-01-19T12:37:53","date_gmt":"2018-01-19T11:37:53","guid":{"rendered":"http:\/\/aurorayoga.at\/wordpress\/?page_id=352"},"modified":"2026-03-09T13:52:34","modified_gmt":"2026-03-09T12:52:34","slug":"retreats","status":"publish","type":"page","link":"https:\/\/aurorayoga.at\/de\/yoga\/retreats\/","title":{"rendered":"Events"},"content":{"rendered":"<p>Yogaretreats sind so eine Art Rundum-Wohlf\u00fchl-Package f\u00fcr K\u00f6rper und Geist. Man trifft sich an entspannten Orten, um Yoga zu machen, zu meditieren und einfach mal abzuschalten. Es ist wie ein Mini-Urlaub f\u00fcr die Seele!<\/p>\n<p>Photos by @LisaSyberg<\/p>\n","protected":false},"excerpt":{"rendered":"<p>Yogaretreats sind so eine Art Rundum-Wohlf\u00fchl-Package f\u00fcr K\u00f6rper und Geist. Man trifft sich an entspannten Orten, um Yoga zu machen, zu meditieren und einfach mal abzuschalten. Es ist wie ein Mini-Urlaub f\u00fcr die Seele! Photos by @LisaSyberg<\/p>\n","protected":false},"author":1,"featured_media":269,"parent":8,"menu_order":0,"comment_status":"closed","ping_status":"closed","template":"template-events.php","meta":{"_acf_changed":false,"footnotes":""},"class_list":["post-352","page","type-page","status-publish","has-post-thumbnail","hentry"],"translation":{"provider":"WPGlobus","version":"3.0.2","language":"de","enabled_languages":["en","de"],"languages":{"en":{"title":true,"content":true,"excerpt":false},"de":{"title":false,"content":true,"excerpt":false}}},"acf":[],"yoast_head":"<!-- This site is optimized with the Yoast SEO plugin v27.4 - https:\/\/yoast.com\/product\/yoast-seo-wordpress\/ -->\n<title>Events - Aurora Yoga<\/title>\n<meta name=\"robots\" content=\"index, follow, max-snippet:-1, max-image-preview:large, max-video-preview:-1\" \/>\n<link rel=\"canonical\" href=\"https:\/\/aurorayoga.at\/yoga\/retreats\/\" \/>\n<meta property=\"og:locale\" content=\"de_DE\" \/>\n<meta property=\"og:type\" content=\"article\" \/>\n<meta property=\"og:title\" content=\"Events - Aurora Yoga\" \/>\n<meta property=\"og:url\" content=\"https:\/\/aurorayoga.at\/yoga\/retreats\/\" \/>\n<meta property=\"og:site_name\" content=\"Aurora Yoga\" \/>\n<meta property=\"article:modified_time\" content=\"2026-03-09T12:52:34+00:00\" \/>\n<meta property=\"og:image\" content=\"https:\/\/aurorayoga.at\/wp-content\/uploads\/2018\/01\/IMG_9960-e1516373217364.jpg\" \/>\n\t<meta property=\"og:image:width\" content=\"1920\" \/>\n\t<meta property=\"og:image:height\" content=\"1280\" \/>\n\t<meta property=\"og:image:type\" content=\"image\/jpeg\" \/>\n<meta name=\"twitter:card\" content=\"summary_large_image\" \/>\n<script type=\"application\/ld+json\" class=\"yoast-schema-graph\">{\"@context\":\"https:\\\/\\\/schema.org\",\"@graph\":[{\"@type\":\"WebPage\",\"@id\":\"https:\\\/\\\/aurorayoga.at\\\/yoga\\\/retreats\\\/\",\"url\":\"https:\\\/\\\/aurorayoga.at\\\/yoga\\\/retreats\\\/\",\"name\":\"Events - Aurora Yoga\",\"isPartOf\":{\"@id\":\"https:\\\/\\\/aurorayoga.at\\\/#website\"},\"primaryImageOfPage\":{\"@id\":\"https:\\\/\\\/aurorayoga.at\\\/yoga\\\/retreats\\\/#primaryimage\"},\"image\":{\"@id\":\"https:\\\/\\\/aurorayoga.at\\\/yoga\\\/retreats\\\/#primaryimage\"},\"thumbnailUrl\":\"https:\\\/\\\/aurorayoga.at\\\/wp-content\\\/uploads\\\/2018\\\/01\\\/IMG_9960-e1516373217364.jpg\",\"datePublished\":\"2018-01-19T11:37:53+00:00\",\"dateModified\":\"2026-03-09T12:52:34+00:00\",\"breadcrumb\":{\"@id\":\"https:\\\/\\\/aurorayoga.at\\\/yoga\\\/retreats\\\/#breadcrumb\"},\"inLanguage\":\"de\",\"potentialAction\":[{\"@type\":\"ReadAction\",\"target\":[\"https:\\\/\\\/aurorayoga.at\\\/yoga\\\/retreats\\\/\"]}]},{\"@type\":\"ImageObject\",\"inLanguage\":\"de\",\"@id\":\"https:\\\/\\\/aurorayoga.at\\\/yoga\\\/retreats\\\/#primaryimage\",\"url\":\"https:\\\/\\\/aurorayoga.at\\\/wp-content\\\/uploads\\\/2018\\\/01\\\/IMG_9960-e1516373217364.jpg\",\"contentUrl\":\"https:\\\/\\\/aurorayoga.at\\\/wp-content\\\/uploads\\\/2018\\\/01\\\/IMG_9960-e1516373217364.jpg\",\"width\":1920,\"height\":1280},{\"@type\":\"BreadcrumbList\",\"@id\":\"https:\\\/\\\/aurorayoga.at\\\/yoga\\\/retreats\\\/#breadcrumb\",\"itemListElement\":[{\"@type\":\"ListItem\",\"position\":1,\"name\":\"Startseite\",\"item\":\"https:\\\/\\\/aurorayoga.at\\\/\"},{\"@type\":\"ListItem\",\"position\":2,\"name\":\"Yoga in Wien\",\"item\":\"https:\\\/\\\/aurorayoga.at\\\/yoga\\\/\"},{\"@type\":\"ListItem\",\"position\":3,\"name\":\"Events\"}]},{\"@type\":\"WebSite\",\"@id\":\"https:\\\/\\\/aurorayoga.at\\\/#website\",\"url\":\"https:\\\/\\\/aurorayoga.at\\\/\",\"name\":\"Aurora Yoga\",\"description\":\"Aurora Yoga\",\"publisher\":{\"@id\":\"https:\\\/\\\/aurorayoga.at\\\/#organization\"},\"potentialAction\":[{\"@type\":\"SearchAction\",\"target\":{\"@type\":\"EntryPoint\",\"urlTemplate\":\"https:\\\/\\\/aurorayoga.at\\\/?s={search_term_string}\"},\"query-input\":{\"@type\":\"PropertyValueSpecification\",\"valueRequired\":true,\"valueName\":\"search_term_string\"}}],\"inLanguage\":\"de\"},{\"@type\":\"Organization\",\"@id\":\"https:\\\/\\\/aurorayoga.at\\\/#organization\",\"name\":\"Aurora Yoga\",\"url\":\"https:\\\/\\\/aurorayoga.at\\\/\",\"logo\":{\"@type\":\"ImageObject\",\"inLanguage\":\"de\",\"@id\":\"https:\\\/\\\/aurorayoga.at\\\/#\\\/schema\\\/logo\\\/image\\\/\",\"url\":\"https:\\\/\\\/aurorayoga.at\\\/wp-content\\\/uploads\\\/2018\\\/06\\\/Aurorayogawhit.png\",\"contentUrl\":\"https:\\\/\\\/aurorayoga.at\\\/wp-content\\\/uploads\\\/2018\\\/06\\\/Aurorayogawhit.png\",\"width\":2480,\"height\":3508,\"caption\":\"Aurora Yoga\"},\"image\":{\"@id\":\"https:\\\/\\\/aurorayoga.at\\\/#\\\/schema\\\/logo\\\/image\\\/\"}}]}<\/script>\n<!-- \/ Yoast SEO plugin. -->","yoast_head_json":{"title":"Events - Aurora Yoga","robots":{"index":"index","follow":"follow","max-snippet":"max-snippet:-1","max-image-preview":"max-image-preview:large","max-video-preview":"max-video-preview:-1"},"canonical":"https:\/\/aurorayoga.at\/yoga\/retreats\/","og_locale":"de_DE","og_type":"article","og_title":"Events - Aurora Yoga","og_url":"https:\/\/aurorayoga.at\/yoga\/retreats\/","og_site_name":"Aurora Yoga","article_modified_time":"2026-03-09T12:52:34+00:00","og_image":[{"width":1920,"height":1280,"url":"https:\/\/aurorayoga.at\/wp-content\/uploads\/2018\/01\/IMG_9960-e1516373217364.jpg","type":"image\/jpeg"}],"twitter_card":"summary_large_image","schema":{"@context":"https:\/\/schema.org","@graph":[{"@type":"WebPage","@id":"https:\/\/aurorayoga.at\/yoga\/retreats\/","url":"https:\/\/aurorayoga.at\/yoga\/retreats\/","name":"Events - Aurora Yoga","isPartOf":{"@id":"https:\/\/aurorayoga.at\/#website"},"primaryImageOfPage":{"@id":"https:\/\/aurorayoga.at\/yoga\/retreats\/#primaryimage"},"image":{"@id":"https:\/\/aurorayoga.at\/yoga\/retreats\/#primaryimage"},"thumbnailUrl":"https:\/\/aurorayoga.at\/wp-content\/uploads\/2018\/01\/IMG_9960-e1516373217364.jpg","datePublished":"2018-01-19T11:37:53+00:00","dateModified":"2026-03-09T12:52:34+00:00","breadcrumb":{"@id":"https:\/\/aurorayoga.at\/yoga\/retreats\/#breadcrumb"},"inLanguage":"de","potentialAction":[{"@type":"ReadAction","target":["https:\/\/aurorayoga.at\/yoga\/retreats\/"]}]},{"@type":"ImageObject","inLanguage":"de","@id":"https:\/\/aurorayoga.at\/yoga\/retreats\/#primaryimage","url":"https:\/\/aurorayoga.at\/wp-content\/uploads\/2018\/01\/IMG_9960-e1516373217364.jpg","contentUrl":"https:\/\/aurorayoga.at\/wp-content\/uploads\/2018\/01\/IMG_9960-e1516373217364.jpg","width":1920,"height":1280},{"@type":"BreadcrumbList","@id":"https:\/\/aurorayoga.at\/yoga\/retreats\/#breadcrumb","itemListElement":[{"@type":"ListItem","position":1,"name":"Startseite","item":"https:\/\/aurorayoga.at\/"},{"@type":"ListItem","position":2,"name":"Yoga in Wien","item":"https:\/\/aurorayoga.at\/yoga\/"},{"@type":"ListItem","position":3,"name":"Events"}]},{"@type":"WebSite","@id":"https:\/\/aurorayoga.at\/#website","url":"https:\/\/aurorayoga.at\/","name":"Aurora Yoga","description":"Aurora Yoga","publisher":{"@id":"https:\/\/aurorayoga.at\/#organization"},"potentialAction":[{"@type":"SearchAction","target":{"@type":"EntryPoint","urlTemplate":"https:\/\/aurorayoga.at\/?s={search_term_string}"},"query-input":{"@type":"PropertyValueSpecification","valueRequired":true,"valueName":"search_term_string"}}],"inLanguage":"de"},{"@type":"Organization","@id":"https:\/\/aurorayoga.at\/#organization","name":"Aurora Yoga","url":"https:\/\/aurorayoga.at\/","logo":{"@type":"ImageObject","inLanguage":"de","@id":"https:\/\/aurorayoga.at\/#\/schema\/logo\/image\/","url":"https:\/\/aurorayoga.at\/wp-content\/uploads\/2018\/06\/Aurorayogawhit.png","contentUrl":"https:\/\/aurorayoga.at\/wp-content\/uploads\/2018\/06\/Aurorayogawhit.png","width":2480,"height":3508,"caption":"Aurora Yoga"},"image":{"@id":"https:\/\/aurorayoga.at\/#\/schema\/logo\/image\/"}}]}},"_links":{"self":[{"href":"https:\/\/aurorayoga.at\/de\/wp-json\/wp\/v2\/pages\/352","targetHints":{"allow":["GET"]}}],"collection":[{"href":"https:\/\/aurorayoga.at\/de\/wp-json\/wp\/v2\/pages"}],"about":[{"href":"https:\/\/aurorayoga.at\/de\/wp-json\/wp\/v2\/types\/page"}],"author":[{"embeddable":true,"href":"https:\/\/aurorayoga.at\/de\/wp-json\/wp\/v2\/users\/1"}],"replies":[{"embeddable":true,"href":"https:\/\/aurorayoga.at\/de\/wp-json\/wp\/v2\/comments?post=352"}],"version-history":[{"count":26,"href":"https:\/\/aurorayoga.at\/de\/wp-json\/wp\/v2\/pages\/352\/revisions"}],"predecessor-version":[{"id":3171,"href":"https:\/\/aurorayoga.at\/de\/wp-json\/wp\/v2\/pages\/352\/revisions\/3171"}],"up":[{"embeddable":true,"href":"https:\/\/aurorayoga.at\/de\/wp-json\/wp\/v2\/pages\/8"}],"wp:featuredmedia":[{"embeddable":true,"href":"https:\/\/aurorayoga.at\/de\/wp-json\/wp\/v2\/media\/269"}],"wp:attachment":[{"href":"https:\/\/aurorayoga.at\/de\/wp-json\/wp\/v2\/media?parent=352"}],"curies":[{"name":"wp","href":"https:\/\/api.w.org\/{rel}","templated":true}]}}