{"id":8,"date":"2017-10-06T19:54:38","date_gmt":"2017-10-06T17:54:38","guid":{"rendered":"http:\/\/aurorayoga.at\/wordpress\/?page_id=8"},"modified":"2026-02-22T10:13:16","modified_gmt":"2026-02-22T09:13:16","slug":"yoga","status":"publish","type":"page","link":"https:\/\/aurorayoga.at\/de\/yoga\/","title":{"rendered":"Yoga in Wien"},"content":{"rendered":"<p>&nbsp;<\/p>\n<h2 style=\"text-align: center;\">Du hast Lust auf Yoga in Wien?<\/h2>\n<p style=\"text-align: center;\">In traumhaften Ambiente biete ich dir Movement Medicine &amp; Yoga in Wien, die 75 Minuten finden w\u00f6chentlich Indoor satt.<\/p>\n<h2 style=\"text-align: center;\">Termine<\/h2>\n<p style=\"text-align: center;\">Jeden Dienstag\u00a0 ab Februar 17.30 Uhr\u00a0 &#8211; <em>Schottenfeldgasse <\/em>1070 Wien.<\/p>\n<p style=\"text-align: center;\">DEIN TICKET BUCHEN &gt;\u00a0 <a href=\"https:\/\/nataliaurora.thrivecart.com\/elevateyourpractice\/\">https:\/\/nataliaurora.thrivecart.com\/elevateyourpractice\/<\/a><\/p>\n<h3 class=\"p1\" style=\"text-align: center;\">Anmeldung zu deiner Body, Mind\u00a0 &amp; Soul Experience:<\/h3>\n<h3 class=\"p1\"><\/h3>\n<blockquote><p><strong>YOGA IST GUT F\u00dcRS IMMUNSYSTEM, DIE BALANCE UND BODY, MIND &amp; SOUL. <\/strong><\/p><\/blockquote>\n<blockquote><p>Synchronisation der flie\u00dfenden Bewegungen mit dem Atmen wodurch wir in eine Art \u201eMeditation in Bewegung\u201c kommen und lernen uns komplett der Praxis hinzugeben \u2013 die Gedanken still werden zu lassen. Innere Ruhe durch gleichm\u00e4\u00dfige, flie\u00dfende Bewegung von au\u00dfen.\u00dcbst du regelm\u00e4\u00dfig, profitierst du auf allen Ebenen:<\/p>\n<ul>\n<li>Dein Geist ist entspannt und dein Herz weit.<\/li>\n<li>Deine k\u00f6rperlichen und emotionalen Blockaden l\u00f6sen sich.<\/li>\n<li>Dein Energiespeicher l\u00e4dt sich auf.<\/li>\n<li>Deine k\u00f6rperlichen und emotionalen Blockaden l\u00f6sen sich.<\/li>\n<li>Du f\u00fchlst dich wach und konzentriert.<\/li>\n<li>Deine inneren Organe sind entgiftet und gesund&#8230;.<\/li>\n<\/ul>\n<h2><\/h2>\n<\/blockquote>\n<p><img loading=\"lazy\" decoding=\"async\" class=\"alignnone size-full wp-image-2572\" src=\"https:\/\/aurorayoga.at\/wp-content\/uploads\/2023\/01\/9-e1674498938574.jpg\" alt=\"\" width=\"1640\" height=\"924\" srcset=\"https:\/\/aurorayoga.at\/wp-content\/uploads\/2023\/01\/9-e1674498938574.jpg 1640w, https:\/\/aurorayoga.at\/wp-content\/uploads\/2023\/01\/9-e1674498938574-300x169.jpg 300w, https:\/\/aurorayoga.at\/wp-content\/uploads\/2023\/01\/9-e1674498938574-1024x577.jpg 1024w, https:\/\/aurorayoga.at\/wp-content\/uploads\/2023\/01\/9-e1674498938574-768x433.jpg 768w, https:\/\/aurorayoga.at\/wp-content\/uploads\/2023\/01\/9-e1674498938574-1536x865.jpg 1536w\" sizes=\"auto, (max-width: 1640px) 100vw, 1640px\" \/><\/p>\n<h4 style=\"text-align: left;\"><strong>Embodied Yoga Experience &#8211; Yoga Kurs\u00a0 ab Di.03.02.2025\u00a0 \u00a0 \u00a0\/\u00a0 \u00a0 17:30 &#8211; 18:45<\/strong><\/h4>\n<p style=\"text-align: left;\"><strong>Dieser 10-w\u00f6chiger Kurs kombiniert Visualisierung, Pranayama &amp; Meditation, intuitive Bewegungen, Embodiment &#8211; also Yoga inspiriert, <\/strong>um\u00a0tief in deinem K\u00f6rper anzukommen.<\/p>\n<p style=\"text-align: left;\">Raus aus dem Kopf, rein in den K\u00f6rper. Vom Denken ins Sp\u00fcren. Wenn Atmung und Bewegung durch flie\u00dfende Bewegungen miteinander verschmelzen.<\/p>\n<p style=\"text-align: left;\">Geleitet vom Atem und moderner Musik. F\u00fcr alle, die gerne ein dynamisches und kraftvolles Flie\u00dfen erleben.<\/p>\n<p style=\"text-align: left;\">Abwechslungsreiches,\u00a0modernes\u00a0und\u00a0authentisches Yoga f\u00fcr K\u00f6rper, Geist und Seele.<\/p>\n<p style=\"text-align: left;\">F\u00fcr Anf\u00e4nger &amp; fortgeschritten geeignet.<\/p>\n<p style=\"text-align: left;\">Wachse \u00fcber dich hinaus und vertiefe deine Yoga-Praxis. Lerne mehr \u00fcber die Yogaphilosophie (Yamas &amp; Niyamas) und entdecke kreative Transitions f\u00fcr deinen Flow f\u00fcr dich.<\/p>\n<p style=\"text-align: left;\"><strong>where movement unites with ritual<\/strong><\/p>\n<p>L\u00f6se den SVS Gesundheitshunderter bei uns ein und spar dein Geld: \u20ac 100 bekommst du von der SVS r\u00fcckerstattet, wenn du bei uns einen Kurs buchst<img loading=\"lazy\" decoding=\"async\" class=\"alignnone size-full wp-image-2595\" src=\"https:\/\/aurorayoga.at\/wp-content\/uploads\/2023\/01\/Logo_der_SVA.png\" alt=\"\" width=\"800\" height=\"397\" srcset=\"https:\/\/aurorayoga.at\/wp-content\/uploads\/2023\/01\/Logo_der_SVA.png 800w, https:\/\/aurorayoga.at\/wp-content\/uploads\/2023\/01\/Logo_der_SVA-300x149.png 300w, https:\/\/aurorayoga.at\/wp-content\/uploads\/2023\/01\/Logo_der_SVA-768x381.png 768w\" sizes=\"auto, (max-width: 800px) 100vw, 800px\" \/><\/p>\n<h4 class=\"p1\"><iframe loading=\"lazy\" src=\"https:\/\/www.eversports.at\/widget\/w\/7-A1H6?list=course\" width=\"100%\" height=\"1450px\" frameborder=\"0\" data-mce-fragment=\"1\"><\/p>\n<p style=\"text-align: left;\"><span data-mce-type=\"bookmark\" style=\"display: inline-block; width: 0px; overflow: hidden; line-height: 0;\" class=\"mce_SELRES_start\">\ufeff<\/span>L\u00f6se den SVS Gesundheitshunderter bei uns ein und spar dein Geld: \u20ac 100 bekommst du von der SVS r\u00fcckerstattet, wenn du bei uns einen Kurs buchst<span data-mce-type=\"bookmark\" style=\"display: inline-block; width: 0px; overflow: hidden; line-height: 0;\" class=\"mce_SELRES_end\">\ufeff<\/span>.<\/p>\n<p style=\"text-align: left;\">Wir sind Partner:<\/p>\n<p><img loading=\"lazy\" decoding=\"async\" class=\"alignnone size-full wp-image-2595\" src=\"https:\/\/aurorayoga.at\/wp-content\/uploads\/2023\/01\/Logo_der_SVA.png\" alt=\"\" width=\"800\" height=\"397\" srcset=\"https:\/\/aurorayoga.at\/wp-content\/uploads\/2023\/01\/Logo_der_SVA.png 800w, https:\/\/aurorayoga.at\/wp-content\/uploads\/2023\/01\/Logo_der_SVA-300x149.png 300w, https:\/\/aurorayoga.at\/wp-content\/uploads\/2023\/01\/Logo_der_SVA-768x381.png 768w\" sizes=\"auto, (max-width: 800px) 100vw, 800px\" \/><\/p>\n<p><span data-mce-type=\"bookmark\" style=\"display: inline-block; width: 0px; overflow: hidden; line-height: 0;\" class=\"mce_SELRES_start\">\ufeff<\/span><\/p>\n<h2 class=\"p1\" style=\"text-align: center;\">Anmeldung Workshops, Events, Retreats Experiences:<\/h2>\n<h4 class=\"p1\"><iframe loading=\"lazy\" src=\"https:\/\/www.eversports.at\/widget\/w\/7-A1H6?list=workshop\" width=\"100%\" height=\"1450px\" frameborder=\"0\"><span data-mce-type=\"bookmark\" style=\"display: inline-block; width: 0px; overflow: hidden; line-height: 0;\" class=\"mce_SELRES_start\">\ufeff<\/span><\/p>\n<p><\/iframe><\/h4>\n<p><\/iframe><\/h4>\n<p>&nbsp;<\/p>\n<p><img loading=\"lazy\" decoding=\"async\" class=\"alignnone size-full wp-image-2628\" src=\"https:\/\/aurorayoga.at\/wp-content\/uploads\/2023\/01\/Bildschirm\u00adfoto-2023-01-23-um-21.01.31.png\" alt=\"\" width=\"2014\" height=\"1446\" srcset=\"https:\/\/aurorayoga.at\/wp-content\/uploads\/2023\/01\/Bildschirm\u00adfoto-2023-01-23-um-21.01.31.png 2014w, https:\/\/aurorayoga.at\/wp-content\/uploads\/2023\/01\/Bildschirm\u00adfoto-2023-01-23-um-21.01.31-300x215.png 300w, https:\/\/aurorayoga.at\/wp-content\/uploads\/2023\/01\/Bildschirm\u00adfoto-2023-01-23-um-21.01.31-1024x735.png 1024w, https:\/\/aurorayoga.at\/wp-content\/uploads\/2023\/01\/Bildschirm\u00adfoto-2023-01-23-um-21.01.31-768x551.png 768w, https:\/\/aurorayoga.at\/wp-content\/uploads\/2023\/01\/Bildschirm\u00adfoto-2023-01-23-um-21.01.31-1536x1103.png 1536w\" sizes=\"auto, (max-width: 2014px) 100vw, 2014px\" \/><\/p>\n","protected":false},"excerpt":{"rendered":"<p>&nbsp; Du hast Lust auf Yoga in Wien? In traumhaften Ambiente biete ich dir Movement Medicine &amp; Yoga in Wien, die 75 Minuten finden w\u00f6chentlich Indoor satt. Termine Jeden Dienstag\u00a0 ab Februar 17.30 Uhr\u00a0 &#8211; Schottenfeldgasse 1070 Wien. DEIN TICKET BUCHEN &gt;\u00a0 https:\/\/nataliaurora.thrivecart.com\/elevateyourpractice\/ Anmeldung zu deiner Body, Mind\u00a0 &amp; Soul Experience: YOGA IST GUT F\u00dcRS [&hellip;]<\/p>\n","protected":false},"author":1,"featured_media":2510,"parent":0,"menu_order":3,"comment_status":"closed","ping_status":"closed","template":"","meta":{"_acf_changed":false,"footnotes":""},"class_list":["post-8","page","type-page","status-publish","has-post-thumbnail","hentry"],"translation":{"provider":"WPGlobus","version":"3.0.2","language":"de","enabled_languages":["en","de"],"languages":{"en":{"title":true,"content":true,"excerpt":false},"de":{"title":true,"content":true,"excerpt":false}}},"acf":[],"yoast_head":"<!-- This site is optimized with the Yoast SEO plugin v27.4 - https:\/\/yoast.com\/product\/yoast-seo-wordpress\/ -->\n<title>Yoga in Wien - Aurora Yoga<\/title>\n<meta name=\"robots\" content=\"index, follow, max-snippet:-1, max-image-preview:large, max-video-preview:-1\" \/>\n<link rel=\"canonical\" href=\"https:\/\/aurorayoga.at\/yoga\/\" \/>\n<meta property=\"og:locale\" content=\"de_DE\" \/>\n<meta property=\"og:type\" content=\"article\" \/>\n<meta property=\"og:title\" content=\"Yoga in Wien - Aurora Yoga\" \/>\n<meta property=\"og:url\" content=\"https:\/\/aurorayoga.at\/yoga\/\" \/>\n<meta property=\"og:site_name\" content=\"Aurora Yoga\" \/>\n<meta property=\"article:modified_time\" content=\"2026-02-22T09:13:16+00:00\" \/>\n<meta property=\"og:image\" content=\"https:\/\/aurorayoga.at\/wp-content\/uploads\/2022\/12\/DSC06631.jpg\" \/>\n\t<meta property=\"og:image:width\" content=\"1\" \/>\n\t<meta property=\"og:image:height\" content=\"1\" \/>\n\t<meta property=\"og:image:type\" content=\"image\/jpeg\" \/>\n<meta name=\"twitter:card\" content=\"summary_large_image\" \/>\n<meta name=\"twitter:label1\" content=\"Gesch\u00e4tzte Lesezeit\" \/>\n\t<meta name=\"twitter:data1\" content=\"3\u00a0Minuten\" \/>\n<script type=\"application\/ld+json\" class=\"yoast-schema-graph\">{\"@context\":\"https:\\\/\\\/schema.org\",\"@graph\":[{\"@type\":\"WebPage\",\"@id\":\"https:\\\/\\\/aurorayoga.at\\\/yoga\\\/\",\"url\":\"https:\\\/\\\/aurorayoga.at\\\/yoga\\\/\",\"name\":\"Yoga in Wien - Aurora Yoga\",\"isPartOf\":{\"@id\":\"https:\\\/\\\/aurorayoga.at\\\/#website\"},\"primaryImageOfPage\":{\"@id\":\"https:\\\/\\\/aurorayoga.at\\\/yoga\\\/#primaryimage\"},\"image\":{\"@id\":\"https:\\\/\\\/aurorayoga.at\\\/yoga\\\/#primaryimage\"},\"thumbnailUrl\":\"https:\\\/\\\/aurorayoga.at\\\/wp-content\\\/uploads\\\/2022\\\/12\\\/DSC06631.jpg\",\"datePublished\":\"2017-10-06T17:54:38+00:00\",\"dateModified\":\"2026-02-22T09:13:16+00:00\",\"breadcrumb\":{\"@id\":\"https:\\\/\\\/aurorayoga.at\\\/yoga\\\/#breadcrumb\"},\"inLanguage\":\"de\",\"potentialAction\":[{\"@type\":\"ReadAction\",\"target\":[\"https:\\\/\\\/aurorayoga.at\\\/yoga\\\/\"]}]},{\"@type\":\"ImageObject\",\"inLanguage\":\"de\",\"@id\":\"https:\\\/\\\/aurorayoga.at\\\/yoga\\\/#primaryimage\",\"url\":\"https:\\\/\\\/aurorayoga.at\\\/wp-content\\\/uploads\\\/2022\\\/12\\\/DSC06631.jpg\",\"contentUrl\":\"https:\\\/\\\/aurorayoga.at\\\/wp-content\\\/uploads\\\/2022\\\/12\\\/DSC06631.jpg\"},{\"@type\":\"BreadcrumbList\",\"@id\":\"https:\\\/\\\/aurorayoga.at\\\/yoga\\\/#breadcrumb\",\"itemListElement\":[{\"@type\":\"ListItem\",\"position\":1,\"name\":\"Startseite\",\"item\":\"https:\\\/\\\/aurorayoga.at\\\/\"},{\"@type\":\"ListItem\",\"position\":2,\"name\":\"Yoga in Wien\"}]},{\"@type\":\"WebSite\",\"@id\":\"https:\\\/\\\/aurorayoga.at\\\/#website\",\"url\":\"https:\\\/\\\/aurorayoga.at\\\/\",\"name\":\"Aurora Yoga\",\"description\":\"Aurora Yoga\",\"publisher\":{\"@id\":\"https:\\\/\\\/aurorayoga.at\\\/#organization\"},\"potentialAction\":[{\"@type\":\"SearchAction\",\"target\":{\"@type\":\"EntryPoint\",\"urlTemplate\":\"https:\\\/\\\/aurorayoga.at\\\/?s={search_term_string}\"},\"query-input\":{\"@type\":\"PropertyValueSpecification\",\"valueRequired\":true,\"valueName\":\"search_term_string\"}}],\"inLanguage\":\"de\"},{\"@type\":\"Organization\",\"@id\":\"https:\\\/\\\/aurorayoga.at\\\/#organization\",\"name\":\"Aurora Yoga\",\"url\":\"https:\\\/\\\/aurorayoga.at\\\/\",\"logo\":{\"@type\":\"ImageObject\",\"inLanguage\":\"de\",\"@id\":\"https:\\\/\\\/aurorayoga.at\\\/#\\\/schema\\\/logo\\\/image\\\/\",\"url\":\"https:\\\/\\\/aurorayoga.at\\\/wp-content\\\/uploads\\\/2018\\\/06\\\/Aurorayogawhit.png\",\"contentUrl\":\"https:\\\/\\\/aurorayoga.at\\\/wp-content\\\/uploads\\\/2018\\\/06\\\/Aurorayogawhit.png\",\"width\":2480,\"height\":3508,\"caption\":\"Aurora Yoga\"},\"image\":{\"@id\":\"https:\\\/\\\/aurorayoga.at\\\/#\\\/schema\\\/logo\\\/image\\\/\"}}]}<\/script>\n<!-- \/ Yoast SEO plugin. -->","yoast_head_json":{"title":"Yoga in Wien - Aurora Yoga","robots":{"index":"index","follow":"follow","max-snippet":"max-snippet:-1","max-image-preview":"max-image-preview:large","max-video-preview":"max-video-preview:-1"},"canonical":"https:\/\/aurorayoga.at\/yoga\/","og_locale":"de_DE","og_type":"article","og_title":"Yoga in Wien - Aurora Yoga","og_url":"https:\/\/aurorayoga.at\/yoga\/","og_site_name":"Aurora Yoga","article_modified_time":"2026-02-22T09:13:16+00:00","og_image":[{"url":"https:\/\/aurorayoga.at\/wp-content\/uploads\/2022\/12\/DSC06631.jpg","width":1,"height":1,"type":"image\/jpeg"}],"twitter_card":"summary_large_image","twitter_misc":{"Gesch\u00e4tzte Lesezeit":"3\u00a0Minuten"},"schema":{"@context":"https:\/\/schema.org","@graph":[{"@type":"WebPage","@id":"https:\/\/aurorayoga.at\/yoga\/","url":"https:\/\/aurorayoga.at\/yoga\/","name":"Yoga in Wien - Aurora Yoga","isPartOf":{"@id":"https:\/\/aurorayoga.at\/#website"},"primaryImageOfPage":{"@id":"https:\/\/aurorayoga.at\/yoga\/#primaryimage"},"image":{"@id":"https:\/\/aurorayoga.at\/yoga\/#primaryimage"},"thumbnailUrl":"https:\/\/aurorayoga.at\/wp-content\/uploads\/2022\/12\/DSC06631.jpg","datePublished":"2017-10-06T17:54:38+00:00","dateModified":"2026-02-22T09:13:16+00:00","breadcrumb":{"@id":"https:\/\/aurorayoga.at\/yoga\/#breadcrumb"},"inLanguage":"de","potentialAction":[{"@type":"ReadAction","target":["https:\/\/aurorayoga.at\/yoga\/"]}]},{"@type":"ImageObject","inLanguage":"de","@id":"https:\/\/aurorayoga.at\/yoga\/#primaryimage","url":"https:\/\/aurorayoga.at\/wp-content\/uploads\/2022\/12\/DSC06631.jpg","contentUrl":"https:\/\/aurorayoga.at\/wp-content\/uploads\/2022\/12\/DSC06631.jpg"},{"@type":"BreadcrumbList","@id":"https:\/\/aurorayoga.at\/yoga\/#breadcrumb","itemListElement":[{"@type":"ListItem","position":1,"name":"Startseite","item":"https:\/\/aurorayoga.at\/"},{"@type":"ListItem","position":2,"name":"Yoga in Wien"}]},{"@type":"WebSite","@id":"https:\/\/aurorayoga.at\/#website","url":"https:\/\/aurorayoga.at\/","name":"Aurora Yoga","description":"Aurora Yoga","publisher":{"@id":"https:\/\/aurorayoga.at\/#organization"},"potentialAction":[{"@type":"SearchAction","target":{"@type":"EntryPoint","urlTemplate":"https:\/\/aurorayoga.at\/?s={search_term_string}"},"query-input":{"@type":"PropertyValueSpecification","valueRequired":true,"valueName":"search_term_string"}}],"inLanguage":"de"},{"@type":"Organization","@id":"https:\/\/aurorayoga.at\/#organization","name":"Aurora Yoga","url":"https:\/\/aurorayoga.at\/","logo":{"@type":"ImageObject","inLanguage":"de","@id":"https:\/\/aurorayoga.at\/#\/schema\/logo\/image\/","url":"https:\/\/aurorayoga.at\/wp-content\/uploads\/2018\/06\/Aurorayogawhit.png","contentUrl":"https:\/\/aurorayoga.at\/wp-content\/uploads\/2018\/06\/Aurorayogawhit.png","width":2480,"height":3508,"caption":"Aurora Yoga"},"image":{"@id":"https:\/\/aurorayoga.at\/#\/schema\/logo\/image\/"}}]}},"_links":{"self":[{"href":"https:\/\/aurorayoga.at\/de\/wp-json\/wp\/v2\/pages\/8","targetHints":{"allow":["GET"]}}],"collection":[{"href":"https:\/\/aurorayoga.at\/de\/wp-json\/wp\/v2\/pages"}],"about":[{"href":"https:\/\/aurorayoga.at\/de\/wp-json\/wp\/v2\/types\/page"}],"author":[{"embeddable":true,"href":"https:\/\/aurorayoga.at\/de\/wp-json\/wp\/v2\/users\/1"}],"replies":[{"embeddable":true,"href":"https:\/\/aurorayoga.at\/de\/wp-json\/wp\/v2\/comments?post=8"}],"version-history":[{"count":261,"href":"https:\/\/aurorayoga.at\/de\/wp-json\/wp\/v2\/pages\/8\/revisions"}],"predecessor-version":[{"id":3157,"href":"https:\/\/aurorayoga.at\/de\/wp-json\/wp\/v2\/pages\/8\/revisions\/3157"}],"wp:featuredmedia":[{"embeddable":true,"href":"https:\/\/aurorayoga.at\/de\/wp-json\/wp\/v2\/media\/2510"}],"wp:attachment":[{"href":"https:\/\/aurorayoga.at\/de\/wp-json\/wp\/v2\/media?parent=8"}],"curies":[{"name":"wp","href":"https:\/\/api.w.org\/{rel}","templated":true}]}}