{"id":99,"date":"2018-01-07T15:26:33","date_gmt":"2018-01-07T14:26:33","guid":{"rendered":"http:\/\/aurorayoga.at\/wordpress\/?page_id=99"},"modified":"2024-03-20T13:21:57","modified_gmt":"2024-03-20T12:21:57","slug":"private","status":"publish","type":"page","link":"https:\/\/aurorayoga.at\/de\/yoga\/private\/","title":{"rendered":"Personal Yoga 1:1"},"content":{"rendered":"<p>Das Leben ist hektisch und Zeitpl\u00e4ne sind unm\u00f6glich? Der Versuch, einen Yoga-Kurs in Ihren gesch\u00e4ftigen Tag zu zwingen und in ein Studio zu eilen, f\u00fchrt zu mehr Stress in deinem Leben?<\/p>\n<p>Mach es dir einfach und bringe das Yoga zu dir nachhause.<\/p>\n<p>Dein pers\u00f6nliches, Yoga-Programm, findet bei dir zu Hause in Wien mit einem w\u00f6chentlichen Termin zur geeigneten Zeit f\u00fcr dich statt.<\/p>\n<p>Wir konzentrieren uns darauf, deine k\u00f6rperlichen Ziele zu erreichen, Beschwerden in bestimmten Bereichen des K\u00f6rpers zu lindern, Kraft, Flexibilit\u00e4t und die vielen greifbaren Vorteile von Yoga nachhaltig zu erlangen.<\/p>\n<p><strong>Vereinbare deine pers\u00f6nliche <span class=\"hiddenSpellError\">Einf\u00fchrungs-Yogasession<\/span> hier:<\/strong><\/p>\n<a class=\"maxbutton-1 maxbutton maxbutton-book-now\" rel=\"nofollow noopener\" href=\"https:\/\/aurorayoga.teachable.com\/p\/private-yoga-session\"><span class='mb-text'>get in touch<\/span><\/a>\n<p>Beim Yoga geht es vor allem darum, sich wohl zu f\u00fchlen. Sp\u00fcren, wie das Blut durch Ihre Adern flie\u00dft, wie die Energie durch die Nerven pulsiert, wie Gl\u00fcckseligkeit und Frieden den ganzen K\u00f6rper durchstr\u00f6mt und das allgemeine Wohlbefinden f\u00f6rdert! Das Beste daran ist, dass Yoga f\u00fcr jeden geeignet ist, unabh\u00e4ngig von Alter, k\u00f6rperlicher Verfassung, Rasse, Glaube oder Hautfarbe.<\/p>\n<p>Ich kann Dich dabei unterst\u00fctzen, Deine spezifischen Ziele zu erreichen, ein allgemeines Wohlbefinden zu erlangen oder auf ein spezifisches Gesundheitsproblem einzugehen. Deine pers\u00f6nliche Yogastunde kann auf Dich zugeschnitten sein und der Entspannung, dem Stressabbau, der Gewichtsreduktion oder der pers\u00f6nlichen Fitness dienen. Alles in Deinem eigenen Tempo. Jede Sitzung kann individuell gestaltet werden, um zu f\u00f6rdern, Fortschritte zu machen und spezifischen Gesundheitsprobleme erfolgreich zu behandeln.<\/p>\n<p>Das kann auch einfach sein, Selbstvertrauen f\u00fcr eine Gruppenklasse zu gewinnen, Kraft aufzubauen, ein Workout zu bekommen, flexibel zu werden, sich zu entspannen, mehr \u00fcber Yoga zu lernen, Stress abzubauen.<\/p>\n","protected":false},"excerpt":{"rendered":"<p>Das Leben ist hektisch und Zeitpl\u00e4ne sind unm\u00f6glich? Der Versuch, einen Yoga-Kurs in Ihren gesch\u00e4ftigen Tag zu zwingen und in ein Studio zu eilen, f\u00fchrt zu mehr Stress in deinem Leben? Mach es dir einfach und bringe das Yoga zu dir nachhause. Dein pers\u00f6nliches, Yoga-Programm, findet bei dir zu Hause in Wien mit einem w\u00f6chentlichen [&hellip;]<\/p>\n","protected":false},"author":1,"featured_media":1617,"parent":8,"menu_order":0,"comment_status":"closed","ping_status":"closed","template":"","meta":{"_acf_changed":false,"footnotes":""},"class_list":["post-99","page","type-page","status-publish","has-post-thumbnail","hentry"],"translation":{"provider":"WPGlobus","version":"3.0.2","language":"de","enabled_languages":["en","de"],"languages":{"en":{"title":true,"content":true,"excerpt":false},"de":{"title":true,"content":true,"excerpt":false}}},"acf":[],"yoast_head":"<!-- This site is optimized with the Yoast SEO plugin v27.4 - https:\/\/yoast.com\/product\/yoast-seo-wordpress\/ -->\n<title>Personal Yoga 1:1 - Aurora Yoga<\/title>\n<meta name=\"robots\" content=\"index, follow, max-snippet:-1, max-image-preview:large, max-video-preview:-1\" \/>\n<link rel=\"canonical\" href=\"https:\/\/aurorayoga.at\/yoga\/private\/\" \/>\n<meta property=\"og:locale\" content=\"de_DE\" \/>\n<meta property=\"og:type\" content=\"article\" \/>\n<meta property=\"og:title\" content=\"Personal Yoga 1:1 - Aurora Yoga\" \/>\n<meta property=\"og:url\" content=\"https:\/\/aurorayoga.at\/yoga\/private\/\" \/>\n<meta property=\"og:site_name\" content=\"Aurora Yoga\" \/>\n<meta property=\"article:modified_time\" content=\"2024-03-20T12:21:57+00:00\" \/>\n<meta property=\"og:image\" content=\"https:\/\/aurorayoga.at\/wp-content\/uploads\/2019\/05\/Bildschirmfoto-2019-05-13-um-23.06.07.png\" \/>\n\t<meta property=\"og:image:width\" content=\"1088\" \/>\n\t<meta property=\"og:image:height\" content=\"620\" \/>\n\t<meta property=\"og:image:type\" content=\"image\/png\" \/>\n<meta name=\"twitter:card\" content=\"summary_large_image\" \/>\n<meta name=\"twitter:label1\" content=\"Gesch\u00e4tzte Lesezeit\" \/>\n\t<meta name=\"twitter:data1\" content=\"4\u00a0Minuten\" \/>\n<script type=\"application\/ld+json\" class=\"yoast-schema-graph\">{\"@context\":\"https:\\\/\\\/schema.org\",\"@graph\":[{\"@type\":\"WebPage\",\"@id\":\"https:\\\/\\\/aurorayoga.at\\\/yoga\\\/private\\\/\",\"url\":\"https:\\\/\\\/aurorayoga.at\\\/yoga\\\/private\\\/\",\"name\":\"Personal Yoga 1:1 - Aurora Yoga\",\"isPartOf\":{\"@id\":\"https:\\\/\\\/aurorayoga.at\\\/#website\"},\"primaryImageOfPage\":{\"@id\":\"https:\\\/\\\/aurorayoga.at\\\/yoga\\\/private\\\/#primaryimage\"},\"image\":{\"@id\":\"https:\\\/\\\/aurorayoga.at\\\/yoga\\\/private\\\/#primaryimage\"},\"thumbnailUrl\":\"https:\\\/\\\/aurorayoga.at\\\/wp-content\\\/uploads\\\/2019\\\/05\\\/Bildschirmfoto-2019-05-13-um-23.06.07.png\",\"datePublished\":\"2018-01-07T14:26:33+00:00\",\"dateModified\":\"2024-03-20T12:21:57+00:00\",\"breadcrumb\":{\"@id\":\"https:\\\/\\\/aurorayoga.at\\\/yoga\\\/private\\\/#breadcrumb\"},\"inLanguage\":\"de\",\"potentialAction\":[{\"@type\":\"ReadAction\",\"target\":[\"https:\\\/\\\/aurorayoga.at\\\/yoga\\\/private\\\/\"]}]},{\"@type\":\"ImageObject\",\"inLanguage\":\"de\",\"@id\":\"https:\\\/\\\/aurorayoga.at\\\/yoga\\\/private\\\/#primaryimage\",\"url\":\"https:\\\/\\\/aurorayoga.at\\\/wp-content\\\/uploads\\\/2019\\\/05\\\/Bildschirmfoto-2019-05-13-um-23.06.07.png\",\"contentUrl\":\"https:\\\/\\\/aurorayoga.at\\\/wp-content\\\/uploads\\\/2019\\\/05\\\/Bildschirmfoto-2019-05-13-um-23.06.07.png\",\"width\":1088,\"height\":620},{\"@type\":\"BreadcrumbList\",\"@id\":\"https:\\\/\\\/aurorayoga.at\\\/yoga\\\/private\\\/#breadcrumb\",\"itemListElement\":[{\"@type\":\"ListItem\",\"position\":1,\"name\":\"Startseite\",\"item\":\"https:\\\/\\\/aurorayoga.at\\\/\"},{\"@type\":\"ListItem\",\"position\":2,\"name\":\"Yoga in Wien\",\"item\":\"https:\\\/\\\/aurorayoga.at\\\/yoga\\\/\"},{\"@type\":\"ListItem\",\"position\":3,\"name\":\"Personal Yoga 1:1\"}]},{\"@type\":\"WebSite\",\"@id\":\"https:\\\/\\\/aurorayoga.at\\\/#website\",\"url\":\"https:\\\/\\\/aurorayoga.at\\\/\",\"name\":\"Aurora Yoga\",\"description\":\"Aurora Yoga\",\"publisher\":{\"@id\":\"https:\\\/\\\/aurorayoga.at\\\/#organization\"},\"potentialAction\":[{\"@type\":\"SearchAction\",\"target\":{\"@type\":\"EntryPoint\",\"urlTemplate\":\"https:\\\/\\\/aurorayoga.at\\\/?s={search_term_string}\"},\"query-input\":{\"@type\":\"PropertyValueSpecification\",\"valueRequired\":true,\"valueName\":\"search_term_string\"}}],\"inLanguage\":\"de\"},{\"@type\":\"Organization\",\"@id\":\"https:\\\/\\\/aurorayoga.at\\\/#organization\",\"name\":\"Aurora Yoga\",\"url\":\"https:\\\/\\\/aurorayoga.at\\\/\",\"logo\":{\"@type\":\"ImageObject\",\"inLanguage\":\"de\",\"@id\":\"https:\\\/\\\/aurorayoga.at\\\/#\\\/schema\\\/logo\\\/image\\\/\",\"url\":\"https:\\\/\\\/aurorayoga.at\\\/wp-content\\\/uploads\\\/2018\\\/06\\\/Aurorayogawhit.png\",\"contentUrl\":\"https:\\\/\\\/aurorayoga.at\\\/wp-content\\\/uploads\\\/2018\\\/06\\\/Aurorayogawhit.png\",\"width\":2480,\"height\":3508,\"caption\":\"Aurora Yoga\"},\"image\":{\"@id\":\"https:\\\/\\\/aurorayoga.at\\\/#\\\/schema\\\/logo\\\/image\\\/\"}}]}<\/script>\n<!-- \/ Yoast SEO plugin. -->","yoast_head_json":{"title":"Personal Yoga 1:1 - Aurora Yoga","robots":{"index":"index","follow":"follow","max-snippet":"max-snippet:-1","max-image-preview":"max-image-preview:large","max-video-preview":"max-video-preview:-1"},"canonical":"https:\/\/aurorayoga.at\/yoga\/private\/","og_locale":"de_DE","og_type":"article","og_title":"Personal Yoga 1:1 - Aurora Yoga","og_url":"https:\/\/aurorayoga.at\/yoga\/private\/","og_site_name":"Aurora Yoga","article_modified_time":"2024-03-20T12:21:57+00:00","og_image":[{"width":1088,"height":620,"url":"https:\/\/aurorayoga.at\/wp-content\/uploads\/2019\/05\/Bildschirmfoto-2019-05-13-um-23.06.07.png","type":"image\/png"}],"twitter_card":"summary_large_image","twitter_misc":{"Gesch\u00e4tzte Lesezeit":"4\u00a0Minuten"},"schema":{"@context":"https:\/\/schema.org","@graph":[{"@type":"WebPage","@id":"https:\/\/aurorayoga.at\/yoga\/private\/","url":"https:\/\/aurorayoga.at\/yoga\/private\/","name":"Personal Yoga 1:1 - Aurora Yoga","isPartOf":{"@id":"https:\/\/aurorayoga.at\/#website"},"primaryImageOfPage":{"@id":"https:\/\/aurorayoga.at\/yoga\/private\/#primaryimage"},"image":{"@id":"https:\/\/aurorayoga.at\/yoga\/private\/#primaryimage"},"thumbnailUrl":"https:\/\/aurorayoga.at\/wp-content\/uploads\/2019\/05\/Bildschirmfoto-2019-05-13-um-23.06.07.png","datePublished":"2018-01-07T14:26:33+00:00","dateModified":"2024-03-20T12:21:57+00:00","breadcrumb":{"@id":"https:\/\/aurorayoga.at\/yoga\/private\/#breadcrumb"},"inLanguage":"de","potentialAction":[{"@type":"ReadAction","target":["https:\/\/aurorayoga.at\/yoga\/private\/"]}]},{"@type":"ImageObject","inLanguage":"de","@id":"https:\/\/aurorayoga.at\/yoga\/private\/#primaryimage","url":"https:\/\/aurorayoga.at\/wp-content\/uploads\/2019\/05\/Bildschirmfoto-2019-05-13-um-23.06.07.png","contentUrl":"https:\/\/aurorayoga.at\/wp-content\/uploads\/2019\/05\/Bildschirmfoto-2019-05-13-um-23.06.07.png","width":1088,"height":620},{"@type":"BreadcrumbList","@id":"https:\/\/aurorayoga.at\/yoga\/private\/#breadcrumb","itemListElement":[{"@type":"ListItem","position":1,"name":"Startseite","item":"https:\/\/aurorayoga.at\/"},{"@type":"ListItem","position":2,"name":"Yoga in Wien","item":"https:\/\/aurorayoga.at\/yoga\/"},{"@type":"ListItem","position":3,"name":"Personal Yoga 1:1"}]},{"@type":"WebSite","@id":"https:\/\/aurorayoga.at\/#website","url":"https:\/\/aurorayoga.at\/","name":"Aurora Yoga","description":"Aurora Yoga","publisher":{"@id":"https:\/\/aurorayoga.at\/#organization"},"potentialAction":[{"@type":"SearchAction","target":{"@type":"EntryPoint","urlTemplate":"https:\/\/aurorayoga.at\/?s={search_term_string}"},"query-input":{"@type":"PropertyValueSpecification","valueRequired":true,"valueName":"search_term_string"}}],"inLanguage":"de"},{"@type":"Organization","@id":"https:\/\/aurorayoga.at\/#organization","name":"Aurora Yoga","url":"https:\/\/aurorayoga.at\/","logo":{"@type":"ImageObject","inLanguage":"de","@id":"https:\/\/aurorayoga.at\/#\/schema\/logo\/image\/","url":"https:\/\/aurorayoga.at\/wp-content\/uploads\/2018\/06\/Aurorayogawhit.png","contentUrl":"https:\/\/aurorayoga.at\/wp-content\/uploads\/2018\/06\/Aurorayogawhit.png","width":2480,"height":3508,"caption":"Aurora Yoga"},"image":{"@id":"https:\/\/aurorayoga.at\/#\/schema\/logo\/image\/"}}]}},"_links":{"self":[{"href":"https:\/\/aurorayoga.at\/de\/wp-json\/wp\/v2\/pages\/99","targetHints":{"allow":["GET"]}}],"collection":[{"href":"https:\/\/aurorayoga.at\/de\/wp-json\/wp\/v2\/pages"}],"about":[{"href":"https:\/\/aurorayoga.at\/de\/wp-json\/wp\/v2\/types\/page"}],"author":[{"embeddable":true,"href":"https:\/\/aurorayoga.at\/de\/wp-json\/wp\/v2\/users\/1"}],"replies":[{"embeddable":true,"href":"https:\/\/aurorayoga.at\/de\/wp-json\/wp\/v2\/comments?post=99"}],"version-history":[{"count":40,"href":"https:\/\/aurorayoga.at\/de\/wp-json\/wp\/v2\/pages\/99\/revisions"}],"predecessor-version":[{"id":2278,"href":"https:\/\/aurorayoga.at\/de\/wp-json\/wp\/v2\/pages\/99\/revisions\/2278"}],"up":[{"embeddable":true,"href":"https:\/\/aurorayoga.at\/de\/wp-json\/wp\/v2\/pages\/8"}],"wp:featuredmedia":[{"embeddable":true,"href":"https:\/\/aurorayoga.at\/de\/wp-json\/wp\/v2\/media\/1617"}],"wp:attachment":[{"href":"https:\/\/aurorayoga.at\/de\/wp-json\/wp\/v2\/media?parent=99"}],"curies":[{"name":"wp","href":"https:\/\/api.w.org\/{rel}","templated":true}]}}